{"id":109831,"date":"2022-10-22T15:25:08","date_gmt":"2022-10-22T13:25:08","guid":{"rendered":"https:\/\/www.sport4club.be\/?post_type=product&#038;p=109831"},"modified":"2023-07-28T11:07:36","modified_gmt":"2023-07-28T09:07:36","slug":"fila-the-agilis","status":"publish","type":"product","link":"https:\/\/www.sport4club.be\/index.php\/product\/fila-the-agilis\/","title":{"rendered":"Fila The Agilis"},"content":{"rendered":"<p><em>Cette raquette de padel\u00a0<strong>allie parfaitement performance et style<\/strong>\u00a0avec sa cosm\u00e9tique au look vintage qui est fid\u00e8le aux couleurs de la marque. Les joueurs confirm\u00e9s vont \u00eatre s\u00e9duits par la\u00a0<strong>pr\u00e9cision remarquable\u00a0<\/strong>et\u00a0<strong>l&#8217;excellente maniabilit\u00e9<\/strong>\u00a0qu&#8217;offre la Fila The Agilis.<\/em><\/p>\n<p><em>En effet, sa<strong>\u00a0forme ronde<\/strong>\u00a0offre \u00e0 la raquette une zone de frappe id\u00e9ale situ\u00e9e au centre de la raquette, ce qui procure un\u00a0<strong>meilleur contr\u00f4le<\/strong>\u00a0de la trajectoire de la balle lors des frappes puissantes. Elle dispose d&#8217;une\u00a0<strong>excellente maniabilit\u00e9<\/strong>\u00a0gr\u00e2ce \u00e0 son<strong>\u00a0\u00e9quilibre bas<\/strong>\u00a0afin d&#8217;offrir une prise en main facile. Son poids lourd permet de gagner en stabilit\u00e9 et d&#8217;avoir un gain de puissance lors des smashs.<\/em><\/p>\n<p><em>Son<strong>\u00a0cadre en carbone 3K\u00a0<\/strong>procure d&#8217;excellentes sensations \u00e0 la frappe et permet aussi d&#8217;am\u00e9liorer la robustesse de la raquette. Sa surface \u00e0 la finition mate int\u00e8gre des petits pics vous permettant<strong>\u00a0d&#8217;imprimer de l&#8217;effet\u00a0<\/strong>\u00e0 de vos frappes. Quant \u00e0 sa\u00a0<strong>mousse Eva Soft<\/strong>, elle offre un\u00a0<strong>confort tr\u00e8s appr\u00e9ciable<\/strong>\u00a0et permet \u00e0 la raquette de gagner en puissance.<\/em><\/p>\n<p><em>La raquette Fila The Agilis offre un bon compromis entre puissance et contr\u00f4le,<strong>\u00a0<\/strong>vous permettant de r\u00e9aliser des smashs puissants \u00e0 la pr\u00e9cision redoutable.<\/em><\/p>\n<p><em>Cette raquette se destine aux joueurs interm\u00e9diaires qui aiment le jeu en toucher et qui souhaitent gagner en pr\u00e9cision et en r\u00e9activit\u00e9 pour mieux d\u00e9fendre.<\/em><\/p>\n<p><em>Livr\u00e9e sans housse<\/em><\/p>\n","protected":false},"excerpt":{"rendered":"<p>Cette raquette de padel\u00a0allie parfaitement performance et style\u00a0avec sa cosm\u00e9tique au look vintage qui est fid\u00e8le aux couleurs de la marque. Les joueurs confirm\u00e9s vont \u00eatre s\u00e9duits par la\u00a0pr\u00e9cision remarquable\u00a0et\u00a0l&#8217;excellente maniabilit\u00e9\u00a0qu&#8217;offre la Fila The Agilis. En effet, sa\u00a0forme ronde\u00a0offre \u00e0 la raquette une zone de frappe id\u00e9ale situ\u00e9e au centre de la raquette, ce qui [&hellip;]<\/p>\n","protected":false},"featured_media":109832,"comment_status":"open","ping_status":"closed","template":"","meta":[],"product_cat":[786,84],"product_tag":[],"_links":{"self":[{"href":"https:\/\/www.sport4club.be\/index.php\/wp-json\/wp\/v2\/product\/109831"}],"collection":[{"href":"https:\/\/www.sport4club.be\/index.php\/wp-json\/wp\/v2\/product"}],"about":[{"href":"https:\/\/www.sport4club.be\/index.php\/wp-json\/wp\/v2\/types\/product"}],"replies":[{"embeddable":true,"href":"https:\/\/www.sport4club.be\/index.php\/wp-json\/wp\/v2\/comments?post=109831"}],"wp:featuredmedia":[{"embeddable":true,"href":"https:\/\/www.sport4club.be\/index.php\/wp-json\/wp\/v2\/media\/109832"}],"wp:attachment":[{"href":"https:\/\/www.sport4club.be\/index.php\/wp-json\/wp\/v2\/media?parent=109831"}],"wp:term":[{"taxonomy":"product_cat","embeddable":true,"href":"https:\/\/www.sport4club.be\/index.php\/wp-json\/wp\/v2\/product_cat?post=109831"},{"taxonomy":"product_tag","embeddable":true,"href":"https:\/\/www.sport4club.be\/index.php\/wp-json\/wp\/v2\/product_tag?post=109831"}],"curies":[{"name":"wp","href":"https:\/\/api.w.org\/{rel}","templated":true}]}}