{"id":109824,"date":"2022-10-20T17:28:26","date_gmt":"2022-10-20T15:28:26","guid":{"rendered":"https:\/\/www.sport4club.be\/?post_type=product&#038;p=109824"},"modified":"2025-02-18T17:21:05","modified_gmt":"2025-02-18T16:21:05","slug":"nox-customgrip","status":"publish","type":"product","link":"https:\/\/www.sport4club.be\/index.php\/product\/nox-customgrip\/","title":{"rendered":"Nox Customgrip"},"content":{"rendered":"<p>NOX Custom Grip est un produit\u00a0<b><u>brevet\u00e9<\/u><\/b>\u00a0con\u00e7u pour\u00a0<b><u>am\u00e9liorer la prise en main et r\u00e9duire le risque de blessure<\/u><\/b>\u00a0sur tous les types de raquettes.<\/p>\n<p>NOX Custom Grip est un produit id\u00e9al pour:<\/p>\n<ul>\n<li><b>Les joueurs ayant des probl\u00e8mes de\u00a0<u>transpiration<\/u><\/b>\u00a0et qui recherchent une solution pour \u00e9viter que la raquette ne glisse.<\/li>\n<\/ul>\n<ul>\n<li><b>Joueurs ayant des probl\u00e8mes\u00a0<u>d&#8217;\u00e9picondylite<\/u><\/b>. Le NOX Custom Grip r\u00e9duit les vibrations transmises \u00e0 la main du joueur et lui permet de saisir la raquette avec moins d&#8217;effort musculaire, r\u00e9duisant ainsi le risque de blessure.<\/li>\n<\/ul>\n<h2>Avantages par rapport \u00e0 d&#8217;autres solutions de pr\u00e9hension similaires sur le march\u00e9:<\/h2>\n<ol>\n<li>NOX Custom Grip permet au joueur de\u00a0<b><u>personnaliser enti\u00e8rement<\/u><\/b>\u00a0le grip de sa raquette en l&#8217;ajustant parfaitement aux dimensions de sa main et \u00e0 la distance entre les doigts gr\u00e2ce \u00e0 un syst\u00e8me d&#8217;anneaux en silicone.<\/li>\n<\/ol>\n<ol start=\"2\">\n<li>NOX Custom Grip\u00a0<b><u>am\u00e9liore le confort<\/u><\/b>\u00a0de la prise en main en r\u00e9duisant le relief dans la zone de contact avec la paume de la main.<\/li>\n<\/ol>\n<ol start=\"3\">\n<li>Le NOX Custom Grip est<b><u>\u00a0tr\u00e8s facile \u00e0 installer<\/u><\/b>, et peut \u00eatre plac\u00e9 sur le grip livr\u00e9 en standard avec la raquette ou sur la raquette nue. Le NOX Custom Grip ne n\u00e9cessite aucun accessoire ou outil pour sa mise en place et est facilement interchangeable d&#8217;une raquette \u00e0 l&#8217;autre.<\/li>\n<\/ol>\n<ol start=\"4\">\n<li>NOX Custom Grip\u00a0<b><u>introduit moins de poids<\/u><\/b>\u00a0dans la raquette par rapport \u00e0 d&#8217;autres produits similaires, respectant au maximum l&#8217;\u00e9quilibre et le comportement de la raquette.<\/li>\n<\/ol>\n<p>&nbsp;<\/p>\n<figure>\n<div class=\"video-wrapper\"><iframe title=\"YouTube video player\" src=\"https:\/\/www.youtube.com\/embed\/P3mvIYmc-kQ\" frameborder=\"0\" allowfullscreen=\"allowfullscreen\" data-mce-fragment=\"1\"><\/iframe><\/div>\n<\/figure>\n","protected":false},"excerpt":{"rendered":"<p>NOX Custom Grip est un produit\u00a0brevet\u00e9\u00a0con\u00e7u pour\u00a0am\u00e9liorer la prise en main et r\u00e9duire le risque de blessure\u00a0sur tous les types de raquettes. NOX Custom Grip est un produit id\u00e9al pour: Les joueurs ayant des probl\u00e8mes de\u00a0transpiration\u00a0et qui recherchent une solution pour \u00e9viter que la raquette ne glisse. Joueurs ayant des probl\u00e8mes\u00a0d&#8217;\u00e9picondylite. Le NOX Custom Grip [&hellip;]<\/p>\n","protected":false},"featured_media":109825,"comment_status":"open","ping_status":"closed","template":"","meta":[],"product_cat":[87],"product_tag":[],"_links":{"self":[{"href":"https:\/\/www.sport4club.be\/index.php\/wp-json\/wp\/v2\/product\/109824"}],"collection":[{"href":"https:\/\/www.sport4club.be\/index.php\/wp-json\/wp\/v2\/product"}],"about":[{"href":"https:\/\/www.sport4club.be\/index.php\/wp-json\/wp\/v2\/types\/product"}],"replies":[{"embeddable":true,"href":"https:\/\/www.sport4club.be\/index.php\/wp-json\/wp\/v2\/comments?post=109824"}],"wp:featuredmedia":[{"embeddable":true,"href":"https:\/\/www.sport4club.be\/index.php\/wp-json\/wp\/v2\/media\/109825"}],"wp:attachment":[{"href":"https:\/\/www.sport4club.be\/index.php\/wp-json\/wp\/v2\/media?parent=109824"}],"wp:term":[{"taxonomy":"product_cat","embeddable":true,"href":"https:\/\/www.sport4club.be\/index.php\/wp-json\/wp\/v2\/product_cat?post=109824"},{"taxonomy":"product_tag","embeddable":true,"href":"https:\/\/www.sport4club.be\/index.php\/wp-json\/wp\/v2\/product_tag?post=109824"}],"curies":[{"name":"wp","href":"https:\/\/api.w.org\/{rel}","templated":true}]}}