{"id":109812,"date":"2022-10-14T10:38:35","date_gmt":"2022-10-14T08:38:35","guid":{"rendered":"https:\/\/www.sport4club.be\/?post_type=product&#038;p=109812"},"modified":"2023-05-10T08:11:04","modified_gmt":"2023-05-10T06:11:04","slug":"sergio-tacchini-pro-line-power","status":"publish","type":"product","link":"https:\/\/www.sport4club.be\/index.php\/product\/sergio-tacchini-pro-line-power\/","title":{"rendered":"Sergio Tacchini Pro Line Power"},"content":{"rendered":"<p>L<em>a Pro Line Power b\u00e9n\u00e9ficie d\u2019un certain nombre de nouvelles technologies. L\u2019une d\u2019elles est la surface en relief, qui procure plus d\u2019adh\u00e9rence sur la balle et qui permet un jeu avec plus d\u2019effet. La mousse \u00e0 5 couches de la raquette offre un confort de jeu suppl\u00e9mentaire.<\/em><\/p>\n<p><em>La raquette est compos\u00e9e de 2 couches de fibre de verre et d\u2019une couche de fibre de carbone 3K, un mat\u00e9riau durable et solide qui renforcera la puissance.<span class=\"Y2IQFc\" lang=\"fr\">\u00a0La mousse souple \u00e0 5 couches de la raquette offre un confort suppl\u00e9mentaire pendant le jeu.<\/span><\/em><\/p>\n<p><em><span class=\"Y2IQFc\" lang=\"fr\">La protection autocollante prot\u00e8gera votre raquette contre les rayures.<\/span><\/em><\/p>\n<p><em>Les vibrations g\u00eanantes qui surviennent lors de la frappe sont amorties par le syst\u00e8me tubulaire anti-vibration.<\/em><\/p>\n<p><em>Livr\u00e9 sans housse de protection<\/em><\/p>\n<p>&nbsp;<\/p>\n<pre id=\"tw-target-text\" class=\"tw-data-text tw-text-large tw-ta\" dir=\"ltr\" data-placeholder=\"Traduction\"><\/pre>\n","protected":false},"excerpt":{"rendered":"<p>La Pro Line Power b\u00e9n\u00e9ficie d\u2019un certain nombre de nouvelles technologies. L\u2019une d\u2019elles est la surface en relief, qui procure plus d\u2019adh\u00e9rence sur la balle et qui permet un jeu avec plus d\u2019effet. La mousse \u00e0 5 couches de la raquette offre un confort de jeu suppl\u00e9mentaire. La raquette est compos\u00e9e de 2 couches de [&hellip;]<\/p>\n","protected":false},"featured_media":109813,"comment_status":"open","ping_status":"closed","template":"","meta":[],"product_cat":[786,84],"product_tag":[],"_links":{"self":[{"href":"https:\/\/www.sport4club.be\/index.php\/wp-json\/wp\/v2\/product\/109812"}],"collection":[{"href":"https:\/\/www.sport4club.be\/index.php\/wp-json\/wp\/v2\/product"}],"about":[{"href":"https:\/\/www.sport4club.be\/index.php\/wp-json\/wp\/v2\/types\/product"}],"replies":[{"embeddable":true,"href":"https:\/\/www.sport4club.be\/index.php\/wp-json\/wp\/v2\/comments?post=109812"}],"wp:featuredmedia":[{"embeddable":true,"href":"https:\/\/www.sport4club.be\/index.php\/wp-json\/wp\/v2\/media\/109813"}],"wp:attachment":[{"href":"https:\/\/www.sport4club.be\/index.php\/wp-json\/wp\/v2\/media?parent=109812"}],"wp:term":[{"taxonomy":"product_cat","embeddable":true,"href":"https:\/\/www.sport4club.be\/index.php\/wp-json\/wp\/v2\/product_cat?post=109812"},{"taxonomy":"product_tag","embeddable":true,"href":"https:\/\/www.sport4club.be\/index.php\/wp-json\/wp\/v2\/product_tag?post=109812"}],"curies":[{"name":"wp","href":"https:\/\/api.w.org\/{rel}","templated":true}]}}