{"id":109806,"date":"2022-10-14T10:13:16","date_gmt":"2022-10-14T08:13:16","guid":{"rendered":"https:\/\/www.sport4club.be\/?post_type=product&#038;p=109806"},"modified":"2023-05-10T08:13:11","modified_gmt":"2023-05-10T06:13:11","slug":"sergio-tacchini-pro-line-precision","status":"publish","type":"product","link":"https:\/\/www.sport4club.be\/index.php\/product\/sergio-tacchini-pro-line-precision\/","title":{"rendered":"Sergio Tacchini Pro Line Precision"},"content":{"rendered":"<p><em>La raquette Pro Line Precision est de forme ronde, de sorte que le sweet spot se trouve au milieu de la raquette et qui fait de celle-ci une raquette &#8220;indulgente&#8221;.<\/em><\/p>\n<p><em>Cette raquette est destin\u00e9e aux joueurs avanc\u00e9s qui d\u00e9sirent \u00e9voluer dans son jeu.<\/em><\/p>\n<p><em>La Pro Line Precision b\u00e9n\u00e9ficie d&#8217;un certain nombre de nouvelles technologies. L&#8217;une d&#8217;elles est la surface en relief, qui procure plus d&#8217;adh\u00e9rence sur la balle et qui permet un jeu avec plus d&#8217;effet. La mousse \u00e0 5 couches de la raquette offre un confort de jeu suppl\u00e9mentaire.<\/em><\/p>\n<p><em>La raquette est compos\u00e9e de 2 couches de fibre de verre et d&#8217;une couche de fibre de carbone 3K, un mat\u00e9riau durable et solide qui renforcera la puissance.<span class=\"Y2IQFc\" lang=\"fr\"> La mousse souple \u00e0 5 couches de la raquette offre un confort suppl\u00e9mentaire pendant le jeu. <\/span><\/em><\/p>\n<p><em><span class=\"Y2IQFc\" lang=\"fr\">La protection autocollante prot\u00e8gera votre raquette contre les rayures.<\/span><\/em><\/p>\n<p>&nbsp;<\/p>\n","protected":false},"excerpt":{"rendered":"<p>La raquette Pro Line Precision est de forme ronde, de sorte que le sweet spot se trouve au milieu de la raquette et qui fait de celle-ci une raquette &#8220;indulgente&#8221;. Cette raquette est destin\u00e9e aux joueurs avanc\u00e9s qui d\u00e9sirent \u00e9voluer dans son jeu. La Pro Line Precision b\u00e9n\u00e9ficie d&#8217;un certain nombre de nouvelles technologies. L&#8217;une [&hellip;]<\/p>\n","protected":false},"featured_media":109807,"comment_status":"open","ping_status":"closed","template":"","meta":[],"product_cat":[786,84],"product_tag":[],"_links":{"self":[{"href":"https:\/\/www.sport4club.be\/index.php\/wp-json\/wp\/v2\/product\/109806"}],"collection":[{"href":"https:\/\/www.sport4club.be\/index.php\/wp-json\/wp\/v2\/product"}],"about":[{"href":"https:\/\/www.sport4club.be\/index.php\/wp-json\/wp\/v2\/types\/product"}],"replies":[{"embeddable":true,"href":"https:\/\/www.sport4club.be\/index.php\/wp-json\/wp\/v2\/comments?post=109806"}],"wp:featuredmedia":[{"embeddable":true,"href":"https:\/\/www.sport4club.be\/index.php\/wp-json\/wp\/v2\/media\/109807"}],"wp:attachment":[{"href":"https:\/\/www.sport4club.be\/index.php\/wp-json\/wp\/v2\/media?parent=109806"}],"wp:term":[{"taxonomy":"product_cat","embeddable":true,"href":"https:\/\/www.sport4club.be\/index.php\/wp-json\/wp\/v2\/product_cat?post=109806"},{"taxonomy":"product_tag","embeddable":true,"href":"https:\/\/www.sport4club.be\/index.php\/wp-json\/wp\/v2\/product_tag?post=109806"}],"curies":[{"name":"wp","href":"https:\/\/api.w.org\/{rel}","templated":true}]}}