{"id":109804,"date":"2022-10-14T09:52:08","date_gmt":"2022-10-14T07:52:08","guid":{"rendered":"https:\/\/www.sport4club.be\/?post_type=product&#038;p=109804"},"modified":"2023-05-10T08:16:39","modified_gmt":"2023-05-10T06:16:39","slug":"sergio-tacchini-top-play-black-red","status":"publish","type":"product","link":"https:\/\/www.sport4club.be\/index.php\/product\/sergio-tacchini-top-play-black-red\/","title":{"rendered":"Sergio Tacchini Top Play"},"content":{"rendered":"<p><em>La raquette Top Play est une excellente raquette pour tous ceux qui d\u00e9couvrent le padel.<\/em><\/p>\n<p><em>La forme ronde et le large sweet spot en font une raquette facile \u00e0 manier.<\/em><\/p>\n<p><em>En raison de sa douceur, cette raquette est plus agr\u00e9able pour les bras et les \u00e9paules.<\/em><\/p>\n<p><em>Livr\u00e9 sans housse de protection.<\/em><\/p>\n<p>&nbsp;<\/p>\n","protected":false},"excerpt":{"rendered":"<p>La raquette Top Play est une excellente raquette pour tous ceux qui d\u00e9couvrent le padel. La forme ronde et le large sweet spot en font une raquette facile \u00e0 manier. En raison de sa douceur, cette raquette est plus agr\u00e9able pour les bras et les \u00e9paules. Livr\u00e9 sans housse de protection. &nbsp;<\/p>\n","protected":false},"featured_media":109805,"comment_status":"open","ping_status":"closed","template":"","meta":[],"product_cat":[786,84],"product_tag":[],"_links":{"self":[{"href":"https:\/\/www.sport4club.be\/index.php\/wp-json\/wp\/v2\/product\/109804"}],"collection":[{"href":"https:\/\/www.sport4club.be\/index.php\/wp-json\/wp\/v2\/product"}],"about":[{"href":"https:\/\/www.sport4club.be\/index.php\/wp-json\/wp\/v2\/types\/product"}],"replies":[{"embeddable":true,"href":"https:\/\/www.sport4club.be\/index.php\/wp-json\/wp\/v2\/comments?post=109804"}],"wp:featuredmedia":[{"embeddable":true,"href":"https:\/\/www.sport4club.be\/index.php\/wp-json\/wp\/v2\/media\/109805"}],"wp:attachment":[{"href":"https:\/\/www.sport4club.be\/index.php\/wp-json\/wp\/v2\/media?parent=109804"}],"wp:term":[{"taxonomy":"product_cat","embeddable":true,"href":"https:\/\/www.sport4club.be\/index.php\/wp-json\/wp\/v2\/product_cat?post=109804"},{"taxonomy":"product_tag","embeddable":true,"href":"https:\/\/www.sport4club.be\/index.php\/wp-json\/wp\/v2\/product_tag?post=109804"}],"curies":[{"name":"wp","href":"https:\/\/api.w.org\/{rel}","templated":true}]}}