{"id":109767,"date":"2022-09-22T12:22:28","date_gmt":"2022-09-22T10:22:28","guid":{"rendered":"https:\/\/www.sport4club.be\/?post_type=product&#038;p=109767"},"modified":"2025-09-08T10:14:20","modified_gmt":"2025-09-08T08:14:20","slug":"wilson-federer-junior-21-195gr","status":"publish","type":"product","link":"https:\/\/www.sport4club.be\/index.php\/product\/wilson-federer-junior-21-195gr\/","title":{"rendered":"Wilson federer junior 21 (195gr)"},"content":{"rendered":"<p><em>La raquette\u00a0<strong>Wilson Junior Federer 21<\/strong>\u00a0est id\u00e9ale pour les enfants de\u00a0<strong>5 \u00e0 6 ans<\/strong>\u00a0souhaitant s&#8217;initier au tennis et progresser avec une raquette l\u00e9g\u00e8re et r\u00e9sistante.<\/em><\/p>\n<p><em>Raquette cord\u00e9e<\/em><\/p>\n","protected":false},"excerpt":{"rendered":"<p>La raquette\u00a0Wilson Junior Federer 21\u00a0est id\u00e9ale pour les enfants de\u00a05 \u00e0 6 ans\u00a0souhaitant s&#8217;initier au tennis et progresser avec une raquette l\u00e9g\u00e8re et r\u00e9sistante. Raquette cord\u00e9e<\/p>\n","protected":false},"featured_media":109768,"comment_status":"open","ping_status":"closed","template":"","meta":[],"product_cat":[146],"product_tag":[],"_links":{"self":[{"href":"https:\/\/www.sport4club.be\/index.php\/wp-json\/wp\/v2\/product\/109767"}],"collection":[{"href":"https:\/\/www.sport4club.be\/index.php\/wp-json\/wp\/v2\/product"}],"about":[{"href":"https:\/\/www.sport4club.be\/index.php\/wp-json\/wp\/v2\/types\/product"}],"replies":[{"embeddable":true,"href":"https:\/\/www.sport4club.be\/index.php\/wp-json\/wp\/v2\/comments?post=109767"}],"wp:featuredmedia":[{"embeddable":true,"href":"https:\/\/www.sport4club.be\/index.php\/wp-json\/wp\/v2\/media\/109768"}],"wp:attachment":[{"href":"https:\/\/www.sport4club.be\/index.php\/wp-json\/wp\/v2\/media?parent=109767"}],"wp:term":[{"taxonomy":"product_cat","embeddable":true,"href":"https:\/\/www.sport4club.be\/index.php\/wp-json\/wp\/v2\/product_cat?post=109767"},{"taxonomy":"product_tag","embeddable":true,"href":"https:\/\/www.sport4club.be\/index.php\/wp-json\/wp\/v2\/product_tag?post=109767"}],"curies":[{"name":"wp","href":"https:\/\/api.w.org\/{rel}","templated":true}]}}