{"id":109734,"date":"2022-09-21T15:53:01","date_gmt":"2022-09-21T13:53:01","guid":{"rendered":"https:\/\/www.sport4club.be\/?post_type=product&#038;p=109734"},"modified":"2025-04-24T08:02:37","modified_gmt":"2025-04-24T06:02:37","slug":"wilson-ultra-108-v4-270gr","status":"publish","type":"product","link":"https:\/\/www.sport4club.be\/index.php\/product\/wilson-ultra-108-v4-270gr\/","title":{"rendered":"Wilson Ultra 108 V4 (270gr)"},"content":{"rendered":"<p><em>Avec son grand tamis, la Raquette Wilson Ultra 108 V4 s\u2019adresse \u00e0 un public en recherche de\u00a0<strong>puissance maximale<\/strong>\u00a0ainsi que la\u00a0<strong>meilleure jouabilit\u00e9<\/strong>. Wilson a int\u00e9gr\u00e9 la technologie phare\u00a0<strong>Fortyfive<\/strong>\u00a0afin d\u2019am\u00e9liorer \u00e0 la fois la stabilit\u00e9, le confort et les sensations. Son design offre une peinture qui passe du bleu au violet selon l\u2019angle d&#8217;inclinaison pour en effet tr\u00e8s r\u00e9ussi.<\/em><\/p>\n<p><em>Nous la conseillons aux joueurs ayant un geste court en recherche de\u00a0<strong>puissance facile<\/strong>\u00a0ou aux s\u00e9niors qui manquent de puissance dans leurs jeux.<\/em><\/p>\n","protected":false},"excerpt":{"rendered":"<p>Avec son grand tamis, la Raquette Wilson Ultra 108 V4 s\u2019adresse \u00e0 un public en recherche de\u00a0puissance maximale\u00a0ainsi que la\u00a0meilleure jouabilit\u00e9. Wilson a int\u00e9gr\u00e9 la technologie phare\u00a0Fortyfive\u00a0afin d\u2019am\u00e9liorer \u00e0 la fois la stabilit\u00e9, le confort et les sensations. Son design offre une peinture qui passe du bleu au violet selon l\u2019angle d&#8217;inclinaison pour en effet [&hellip;]<\/p>\n","protected":false},"featured_media":109735,"comment_status":"open","ping_status":"closed","template":"","meta":[],"product_cat":[145,786],"product_tag":[],"_links":{"self":[{"href":"https:\/\/www.sport4club.be\/index.php\/wp-json\/wp\/v2\/product\/109734"}],"collection":[{"href":"https:\/\/www.sport4club.be\/index.php\/wp-json\/wp\/v2\/product"}],"about":[{"href":"https:\/\/www.sport4club.be\/index.php\/wp-json\/wp\/v2\/types\/product"}],"replies":[{"embeddable":true,"href":"https:\/\/www.sport4club.be\/index.php\/wp-json\/wp\/v2\/comments?post=109734"}],"wp:featuredmedia":[{"embeddable":true,"href":"https:\/\/www.sport4club.be\/index.php\/wp-json\/wp\/v2\/media\/109735"}],"wp:attachment":[{"href":"https:\/\/www.sport4club.be\/index.php\/wp-json\/wp\/v2\/media?parent=109734"}],"wp:term":[{"taxonomy":"product_cat","embeddable":true,"href":"https:\/\/www.sport4club.be\/index.php\/wp-json\/wp\/v2\/product_cat?post=109734"},{"taxonomy":"product_tag","embeddable":true,"href":"https:\/\/www.sport4club.be\/index.php\/wp-json\/wp\/v2\/product_tag?post=109734"}],"curies":[{"name":"wp","href":"https:\/\/api.w.org\/{rel}","templated":true}]}}