{"id":109729,"date":"2022-09-21T15:45:42","date_gmt":"2022-09-21T13:45:42","guid":{"rendered":"https:\/\/www.sport4club.be\/?post_type=product&#038;p=109729"},"modified":"2025-04-24T08:03:38","modified_gmt":"2025-04-24T06:03:38","slug":"wilson-ultra-100ul-v4-260gr","status":"publish","type":"product","link":"https:\/\/www.sport4club.be\/index.php\/product\/wilson-ultra-100ul-v4-260gr\/","title":{"rendered":"Wilson Ultra 100UL V4 (260gr)"},"content":{"rendered":"<p><em>La raquette se destine \u00e0 un public jeune en qu\u00eate de sa premi\u00e8re raquette adulte ou aux femmes qui d\u00e9butent le tennis.<\/em><\/p>\n<p><em>Gr\u00e2ce \u00e0 sa l\u00e9g\u00e8ret\u00e9, cette\u00a0<strong>Ultra 100UL V4<\/strong>\u00a0vous apportera\u00a0<strong>beaucoup de maniabilit\u00e9 ainsi qu\u2019une grande puissance<\/strong>\u00a0gr\u00e2ce \u00e0 son poids de 260g, son tamis de 645cm2 et son plan de cordage en 16\/19.<\/em><\/p>\n<p><em>Wilson a int\u00e9gr\u00e9 la technologie FortyFive afin d\u2019am\u00e9liorer la stabilit\u00e9 et le contr\u00f4le \u00e0 la frappe.<\/em><\/p>\n<p><em>Son design novateur passe du bleu au violet selon l\u2019inclinaison pour un effet tr\u00e8s r\u00e9ussi.<\/em><\/p>\n<p><em>Facile \u00e0 manier, puissante et confortable, cette Ultra 100UL V4 devrait plaire \u00e0 un grand nombre de joueuses ou jeunes joueurs\u00a0<strong>en recherche de vitesse de balle, de maniabilit\u00e9 et de confort.<\/strong><\/em><\/p>\n","protected":false},"excerpt":{"rendered":"<p>La raquette se destine \u00e0 un public jeune en qu\u00eate de sa premi\u00e8re raquette adulte ou aux femmes qui d\u00e9butent le tennis. Gr\u00e2ce \u00e0 sa l\u00e9g\u00e8ret\u00e9, cette\u00a0Ultra 100UL V4\u00a0vous apportera\u00a0beaucoup de maniabilit\u00e9 ainsi qu\u2019une grande puissance\u00a0gr\u00e2ce \u00e0 son poids de 260g, son tamis de 645cm2 et son plan de cordage en 16\/19. Wilson a int\u00e9gr\u00e9 [&hellip;]<\/p>\n","protected":false},"featured_media":109730,"comment_status":"open","ping_status":"closed","template":"","meta":[],"product_cat":[145,786],"product_tag":[],"_links":{"self":[{"href":"https:\/\/www.sport4club.be\/index.php\/wp-json\/wp\/v2\/product\/109729"}],"collection":[{"href":"https:\/\/www.sport4club.be\/index.php\/wp-json\/wp\/v2\/product"}],"about":[{"href":"https:\/\/www.sport4club.be\/index.php\/wp-json\/wp\/v2\/types\/product"}],"replies":[{"embeddable":true,"href":"https:\/\/www.sport4club.be\/index.php\/wp-json\/wp\/v2\/comments?post=109729"}],"wp:featuredmedia":[{"embeddable":true,"href":"https:\/\/www.sport4club.be\/index.php\/wp-json\/wp\/v2\/media\/109730"}],"wp:attachment":[{"href":"https:\/\/www.sport4club.be\/index.php\/wp-json\/wp\/v2\/media?parent=109729"}],"wp:term":[{"taxonomy":"product_cat","embeddable":true,"href":"https:\/\/www.sport4club.be\/index.php\/wp-json\/wp\/v2\/product_cat?post=109729"},{"taxonomy":"product_tag","embeddable":true,"href":"https:\/\/www.sport4club.be\/index.php\/wp-json\/wp\/v2\/product_tag?post=109729"}],"curies":[{"name":"wp","href":"https:\/\/api.w.org\/{rel}","templated":true}]}}