{"id":109723,"date":"2022-09-21T15:37:13","date_gmt":"2022-09-21T13:37:13","guid":{"rendered":"https:\/\/www.sport4club.be\/?post_type=product&#038;p=109723"},"modified":"2024-07-07T14:44:21","modified_gmt":"2024-07-07T12:44:21","slug":"wilson-ultra-100l-v4-280gr","status":"publish","type":"product","link":"https:\/\/www.sport4club.be\/index.php\/product\/wilson-ultra-100l-v4-280gr\/","title":{"rendered":"Wilson Ultra 100L V4 (280gr)"},"content":{"rendered":"<p><em>La raquette\u00a0<strong>Wilson Ultra 100L V4<\/strong>\u00a0offre toujours de la puissance mais \u00e9volue et voit son coeur retravaill\u00e9 pour\u00a0<strong>plus de sensations et de contr\u00f4le \u00e0 la frappe<\/strong>. M\u00eame si la gamme Ultra reste \u00e0 dominante puissance, cette 4\u00e8me version veut offrir\u00a0<strong>plus de feeling et de contr\u00f4le<\/strong>. Cette Ultra 100L V4 n\u2019\u00e9chappe pas \u00e0 cette transformation et int\u00e8gre dor\u00e9navant la technologie phare de Wilson : le\u00a0<strong>Fortyfive<\/strong>\u00a0qui permet \u00e0 la raquette de\u00a0<strong>gagner en stabilit\u00e9 ainsi qu\u2019en toucher de balle<\/strong>\u00a0sur chacune de vos frappes.<\/em><\/p>\n<h3><em><span style=\"font-size: 16px;\">Nous la conseillons davantage aux joueurs<\/span>\u00a0<span style=\"font-size: 16px;\">en recherche de puissance facile, de maniabilit\u00e9 et de facilit\u00e9 de jeu<\/span><span style=\"font-size: 16px;\">. Nul doute que cette raquette vous comblera dans ces domaines.<\/span><\/em><\/h3>\n<p><em>Attention toutefois pour les purs lifteurs qui devront s\u2019orienter vers la gamme Burn.<\/em><\/p>\n","protected":false},"excerpt":{"rendered":"<p>La raquette\u00a0Wilson Ultra 100L V4\u00a0offre toujours de la puissance mais \u00e9volue et voit son coeur retravaill\u00e9 pour\u00a0plus de sensations et de contr\u00f4le \u00e0 la frappe. M\u00eame si la gamme Ultra reste \u00e0 dominante puissance, cette 4\u00e8me version veut offrir\u00a0plus de feeling et de contr\u00f4le. Cette Ultra 100L V4 n\u2019\u00e9chappe pas \u00e0 cette transformation et int\u00e8gre [&hellip;]<\/p>\n","protected":false},"featured_media":109724,"comment_status":"open","ping_status":"closed","template":"","meta":[],"product_cat":[145,786],"product_tag":[],"_links":{"self":[{"href":"https:\/\/www.sport4club.be\/index.php\/wp-json\/wp\/v2\/product\/109723"}],"collection":[{"href":"https:\/\/www.sport4club.be\/index.php\/wp-json\/wp\/v2\/product"}],"about":[{"href":"https:\/\/www.sport4club.be\/index.php\/wp-json\/wp\/v2\/types\/product"}],"replies":[{"embeddable":true,"href":"https:\/\/www.sport4club.be\/index.php\/wp-json\/wp\/v2\/comments?post=109723"}],"wp:featuredmedia":[{"embeddable":true,"href":"https:\/\/www.sport4club.be\/index.php\/wp-json\/wp\/v2\/media\/109724"}],"wp:attachment":[{"href":"https:\/\/www.sport4club.be\/index.php\/wp-json\/wp\/v2\/media?parent=109723"}],"wp:term":[{"taxonomy":"product_cat","embeddable":true,"href":"https:\/\/www.sport4club.be\/index.php\/wp-json\/wp\/v2\/product_cat?post=109723"},{"taxonomy":"product_tag","embeddable":true,"href":"https:\/\/www.sport4club.be\/index.php\/wp-json\/wp\/v2\/product_tag?post=109723"}],"curies":[{"name":"wp","href":"https:\/\/api.w.org\/{rel}","templated":true}]}}