{"id":109623,"date":"2022-09-20T10:39:37","date_gmt":"2022-09-20T08:39:37","guid":{"rendered":"https:\/\/www.sport4club.be\/?post_type=product&#038;p=109623"},"modified":"2025-06-02T08:23:06","modified_gmt":"2025-06-02T06:23:06","slug":"wilson-clash-100-v2-295gr","status":"publish","type":"product","link":"https:\/\/www.sport4club.be\/index.php\/product\/wilson-clash-100-v2-295gr\/","title":{"rendered":"Wilson Clash 100 V2 (295gr)"},"content":{"rendered":"<p><em>La\u00a0<strong>Wilson<\/strong>\u00a0<strong>Clash 100 V2<\/strong> revisite le mod\u00e8le le plus jou\u00e9 de la gamme Wilson Clash. Pr\u00e9cise et facile \u00e0 jouer, c&#8217;est une valeur s\u00fbre pour un grand nombre de joueurs de tennis !<\/em><\/p>\n<p><em>Elle pr\u00e9sente un design \u00e9pur\u00e9 rouge anodis\u00e9 sublim\u00e9 par le logo Clash en relief au niveau du c\u0153ur de la raquette.<\/em><\/p>\n<p><em>Cette\u00a0<strong>nouvelle Clash 100<\/strong>\u00a0pourra convenir \u00e0 un\u00a0<strong>tr\u00e8s large panel de joueurs<\/strong>, d&#8217;un niveau interm\u00e9diaire \u00e0 avanc\u00e9, souhaitant\u00a0<strong>un maximum de polyvalence et de flexibilit\u00e9<\/strong>. Elle sera parfaite pour les joueurs de fond de court, aussi bien contreur qu&#8217;attaquant en qu\u00eate d&#8217;une raquette\u00a0<strong>offrant le meilleur ratio entre puissance, contr\u00f4le, confort et tol\u00e9rance<\/strong>.<\/em><\/p>\n","protected":false},"excerpt":{"rendered":"<p>La\u00a0Wilson\u00a0Clash 100 V2 revisite le mod\u00e8le le plus jou\u00e9 de la gamme Wilson Clash. Pr\u00e9cise et facile \u00e0 jouer, c&#8217;est une valeur s\u00fbre pour un grand nombre de joueurs de tennis ! Elle pr\u00e9sente un design \u00e9pur\u00e9 rouge anodis\u00e9 sublim\u00e9 par le logo Clash en relief au niveau du c\u0153ur de la raquette. Cette\u00a0nouvelle Clash [&hellip;]<\/p>\n","protected":false},"featured_media":109624,"comment_status":"open","ping_status":"closed","template":"","meta":[],"product_cat":[145,786],"product_tag":[],"_links":{"self":[{"href":"https:\/\/www.sport4club.be\/index.php\/wp-json\/wp\/v2\/product\/109623"}],"collection":[{"href":"https:\/\/www.sport4club.be\/index.php\/wp-json\/wp\/v2\/product"}],"about":[{"href":"https:\/\/www.sport4club.be\/index.php\/wp-json\/wp\/v2\/types\/product"}],"replies":[{"embeddable":true,"href":"https:\/\/www.sport4club.be\/index.php\/wp-json\/wp\/v2\/comments?post=109623"}],"wp:featuredmedia":[{"embeddable":true,"href":"https:\/\/www.sport4club.be\/index.php\/wp-json\/wp\/v2\/media\/109624"}],"wp:attachment":[{"href":"https:\/\/www.sport4club.be\/index.php\/wp-json\/wp\/v2\/media?parent=109623"}],"wp:term":[{"taxonomy":"product_cat","embeddable":true,"href":"https:\/\/www.sport4club.be\/index.php\/wp-json\/wp\/v2\/product_cat?post=109623"},{"taxonomy":"product_tag","embeddable":true,"href":"https:\/\/www.sport4club.be\/index.php\/wp-json\/wp\/v2\/product_tag?post=109623"}],"curies":[{"name":"wp","href":"https:\/\/api.w.org\/{rel}","templated":true}]}}