{"id":109525,"date":"2022-08-16T09:05:15","date_gmt":"2022-08-16T07:05:15","guid":{"rendered":"https:\/\/www.sport4club.be\/?post_type=product&#038;p=109525"},"modified":"2022-08-16T09:06:06","modified_gmt":"2022-08-16T07:06:06","slug":"babolat-rpm-hurricane-200m","status":"publish","type":"product","link":"https:\/\/www.sport4club.be\/index.php\/product\/babolat-rpm-hurricane-200m\/","title":{"rendered":"Babolat RPM Hurricane (200M)"},"content":{"rendered":"<p><strong><em>Construction CO-PET-O<\/em><\/strong><\/p>\n<p><em>Extr\u00eamement durable, excellente combinaison entre spin et contr\u00f4le gr\u00e2ce \u00e0 la composition en copolyester et \u00e0 la structure octogonale.<\/em><\/p>\n","protected":false},"excerpt":{"rendered":"<p>Construction CO-PET-O Extr\u00eamement durable, excellente combinaison entre spin et contr\u00f4le gr\u00e2ce \u00e0 la composition en copolyester et \u00e0 la structure octogonale.<\/p>\n","protected":false},"featured_media":109526,"comment_status":"open","ping_status":"closed","template":"","meta":[],"product_cat":[108],"product_tag":[],"_links":{"self":[{"href":"https:\/\/www.sport4club.be\/index.php\/wp-json\/wp\/v2\/product\/109525"}],"collection":[{"href":"https:\/\/www.sport4club.be\/index.php\/wp-json\/wp\/v2\/product"}],"about":[{"href":"https:\/\/www.sport4club.be\/index.php\/wp-json\/wp\/v2\/types\/product"}],"replies":[{"embeddable":true,"href":"https:\/\/www.sport4club.be\/index.php\/wp-json\/wp\/v2\/comments?post=109525"}],"wp:featuredmedia":[{"embeddable":true,"href":"https:\/\/www.sport4club.be\/index.php\/wp-json\/wp\/v2\/media\/109526"}],"wp:attachment":[{"href":"https:\/\/www.sport4club.be\/index.php\/wp-json\/wp\/v2\/media?parent=109525"}],"wp:term":[{"taxonomy":"product_cat","embeddable":true,"href":"https:\/\/www.sport4club.be\/index.php\/wp-json\/wp\/v2\/product_cat?post=109525"},{"taxonomy":"product_tag","embeddable":true,"href":"https:\/\/www.sport4club.be\/index.php\/wp-json\/wp\/v2\/product_tag?post=109525"}],"curies":[{"name":"wp","href":"https:\/\/api.w.org\/{rel}","templated":true}]}}