{"id":109516,"date":"2022-08-16T08:18:05","date_gmt":"2022-08-16T06:18:05","guid":{"rendered":"https:\/\/www.sport4club.be\/?post_type=product&#038;p=109516"},"modified":"2024-09-12T11:32:13","modified_gmt":"2024-09-12T09:32:13","slug":"babolat-one-week-tournament-trolley","status":"publish","type":"product","link":"https:\/\/www.sport4club.be\/index.php\/product\/babolat-one-week-tournament-trolley\/","title":{"rendered":"Babolat One Week Tournament Trolley"},"content":{"rendered":"<p><em>Lorsque vous vous pr\u00e9parez pour un tournoi, vous ne voulez pas avoir \u00e0 vous soucier du rangement de votre sac de tennis.<\/em><\/p>\n<p><em>C\u2019est pour cela que nous avons cr\u00e9\u00e9 le sac \u00e0 roulettes 1 Week Tournament, le compagnon de voyage id\u00e9al. Ce sac \u00e0 roulettes en toile contient tout ce qu\u2019il vous faut, car vous avez \u00e9videmment l\u2019intention de rester sur place jusqu\u2019au week-end pour jouer la finale.<\/em><\/p>\n<p><em>Ce sac contient un Duffel, sac polyvalent qui vous permet de prot\u00e9ger 6 raquettes et de vous rendre sur le court avec tout votre mat\u00e9riel en toute simplicit\u00e9.<\/em><\/p>\n<p><em>Nous y avons ajout\u00e9 des bretelles amovibles pour que vous puissiez le porter comme un sac \u00e0 dos.<\/em><\/p>\n<p><em>Autre avantage, il peut \u00eatre repli\u00e9 dans une housse de rangement pour prendre encore moins de place !<\/em><\/p>\n<p><em>Capacit\u00e9 : 110L<\/em><\/p>\n<p><em>Dimensions : 80,3&#215;42,2&#215;42,2cm<\/em><\/p>\n","protected":false},"excerpt":{"rendered":"<p>Lorsque vous vous pr\u00e9parez pour un tournoi, vous ne voulez pas avoir \u00e0 vous soucier du rangement de votre sac de tennis. C\u2019est pour cela que nous avons cr\u00e9\u00e9 le sac \u00e0 roulettes 1 Week Tournament, le compagnon de voyage id\u00e9al. Ce sac \u00e0 roulettes en toile contient tout ce qu\u2019il vous faut, car vous [&hellip;]<\/p>\n","protected":false},"featured_media":109517,"comment_status":"open","ping_status":"closed","template":"","meta":[],"product_cat":[107],"product_tag":[],"_links":{"self":[{"href":"https:\/\/www.sport4club.be\/index.php\/wp-json\/wp\/v2\/product\/109516"}],"collection":[{"href":"https:\/\/www.sport4club.be\/index.php\/wp-json\/wp\/v2\/product"}],"about":[{"href":"https:\/\/www.sport4club.be\/index.php\/wp-json\/wp\/v2\/types\/product"}],"replies":[{"embeddable":true,"href":"https:\/\/www.sport4club.be\/index.php\/wp-json\/wp\/v2\/comments?post=109516"}],"wp:featuredmedia":[{"embeddable":true,"href":"https:\/\/www.sport4club.be\/index.php\/wp-json\/wp\/v2\/media\/109517"}],"wp:attachment":[{"href":"https:\/\/www.sport4club.be\/index.php\/wp-json\/wp\/v2\/media?parent=109516"}],"wp:term":[{"taxonomy":"product_cat","embeddable":true,"href":"https:\/\/www.sport4club.be\/index.php\/wp-json\/wp\/v2\/product_cat?post=109516"},{"taxonomy":"product_tag","embeddable":true,"href":"https:\/\/www.sport4club.be\/index.php\/wp-json\/wp\/v2\/product_tag?post=109516"}],"curies":[{"name":"wp","href":"https:\/\/api.w.org\/{rel}","templated":true}]}}