{"id":10921,"date":"2018-12-13T09:39:43","date_gmt":"2018-12-13T08:39:43","guid":{"rendered":"https:\/\/www.sport4club.be\/?post_type=product&#038;p=10921"},"modified":"2018-12-13T09:39:43","modified_gmt":"2018-12-13T08:39:43","slug":"poche-de-froid-instantane","status":"publish","type":"product","link":"https:\/\/www.sport4club.be\/index.php\/product\/poche-de-froid-instantane\/","title":{"rendered":"Poche de froid instantan\u00e9"},"content":{"rendered":"<p><em>Froid instantan\u00e9 par pression indispensable dans tous les clubs pour le traitement imm\u00e9diat des coups ou incidents musculaires. <\/em><\/p>\n<p><em>Dimension : 155 x 145 mm.<\/em><\/p>\n","protected":false},"excerpt":{"rendered":"<p>Froid instantan\u00e9 par pression indispensable dans tous les clubs pour le traitement imm\u00e9diat des coups ou incidents musculaires. Dimension : 155 x 145 mm.<\/p>\n","protected":false},"featured_media":10924,"comment_status":"open","ping_status":"closed","template":"","meta":[],"product_cat":[15],"product_tag":[],"_links":{"self":[{"href":"https:\/\/www.sport4club.be\/index.php\/wp-json\/wp\/v2\/product\/10921"}],"collection":[{"href":"https:\/\/www.sport4club.be\/index.php\/wp-json\/wp\/v2\/product"}],"about":[{"href":"https:\/\/www.sport4club.be\/index.php\/wp-json\/wp\/v2\/types\/product"}],"replies":[{"embeddable":true,"href":"https:\/\/www.sport4club.be\/index.php\/wp-json\/wp\/v2\/comments?post=10921"}],"wp:featuredmedia":[{"embeddable":true,"href":"https:\/\/www.sport4club.be\/index.php\/wp-json\/wp\/v2\/media\/10924"}],"wp:attachment":[{"href":"https:\/\/www.sport4club.be\/index.php\/wp-json\/wp\/v2\/media?parent=10921"}],"wp:term":[{"taxonomy":"product_cat","embeddable":true,"href":"https:\/\/www.sport4club.be\/index.php\/wp-json\/wp\/v2\/product_cat?post=10921"},{"taxonomy":"product_tag","embeddable":true,"href":"https:\/\/www.sport4club.be\/index.php\/wp-json\/wp\/v2\/product_tag?post=10921"}],"curies":[{"name":"wp","href":"https:\/\/api.w.org\/{rel}","templated":true}]}}