{"id":109203,"date":"2022-05-31T11:19:05","date_gmt":"2022-05-31T09:19:05","guid":{"rendered":"https:\/\/www.sport4club.be\/?post_type=product&#038;p=109203"},"modified":"2023-10-31T10:22:54","modified_gmt":"2023-10-31T09:22:54","slug":"black-crown-special","status":"publish","type":"product","link":"https:\/\/www.sport4club.be\/index.php\/product\/black-crown-special\/","title":{"rendered":"Black Crown Special"},"content":{"rendered":"<p>La raquette Black Crown Sp\u00e9cial est con\u00e7ue pour les joueurs souhaitant\u00a0<strong>plus de contr\u00f4le<\/strong>\u00a0lors des frappes tout\u00a0<strong>en conservant une grande r\u00e9serve de puissance<\/strong>.<\/p>\n<p>Sa\u00a0<strong>forme en goutte d&#8217;eau\u00a0<\/strong>et son\u00a0<strong>\u00e9quilibre haut<\/strong>\u00a0offrent donc \u00e0 cette raquette un excellent compromis entre puissance et pr\u00e9cision vous permettant de prendre facilement l&#8217;ascendant sur vos adversaires.<\/p>\n<p>Son cadre en carbone\u00a0<strong>Air 2TB<\/strong>\u00a0dispose de la nouvelle mousse\u00a0<strong>3xPlay Eva<\/strong>\u00a0qui a deux duret\u00e9s diff\u00e9rentes afin d&#8217;am\u00e9liorer les sensations \u00e0 la frappe. Elle int\u00e8gre \u00e9galement la technologie\u00a0<strong>Extended Sweet Spot\u00a0<\/strong>qui \u00e9largit le sweetspot de la raquette pour faciliter la sortie de balle et le confort lors de d\u00e9centrage.<\/p>\n<p>De plus, la raquette de padel Special dispose d&#8217;une couche en<strong>\u00a0aluminium 3K\u00a0<\/strong>qui offre un toucher ferme procurant un meilleur contr\u00f4le pour\u00a0<strong>plus de pr\u00e9cision sur vos frappes.<\/strong><\/p>\n<p>Elle offre \u00e9galement une prise en main tr\u00e8s confortable gr\u00e2ce \u00e0 la technologie\u00a0<strong>Ergonomic Handgrip.<\/strong><\/p>\n<p>C&#8217;est une raquette destin\u00e9e aux joueurs disposant de coups de puissant \u00e0 la recherche de plus de pr\u00e9cision pour finir les points rapidement.<\/p>\n<ul>\n<li>Forme goutte d&#8217;eau avec \u00e9quilibre haut.<\/li>\n<li>Profil de 38mm.<\/li>\n<li>Noyau interne en Black Eva.<\/li>\n<li>Cadre tubulaire double en fibre de carbone \u00e0 80%.<\/li>\n<li>Noyau externe Aluminium 3K.<\/li>\n<\/ul>\n","protected":false},"excerpt":{"rendered":"<p>La raquette Black Crown Sp\u00e9cial est con\u00e7ue pour les joueurs souhaitant\u00a0plus de contr\u00f4le\u00a0lors des frappes tout\u00a0en conservant une grande r\u00e9serve de puissance. Sa\u00a0forme en goutte d&#8217;eau\u00a0et son\u00a0\u00e9quilibre haut\u00a0offrent donc \u00e0 cette raquette un excellent compromis entre puissance et pr\u00e9cision vous permettant de prendre facilement l&#8217;ascendant sur vos adversaires. Son cadre en carbone\u00a0Air 2TB\u00a0dispose de la [&hellip;]<\/p>\n","protected":false},"featured_media":109204,"comment_status":"open","ping_status":"closed","template":"","meta":[],"product_cat":[786,84],"product_tag":[],"_links":{"self":[{"href":"https:\/\/www.sport4club.be\/index.php\/wp-json\/wp\/v2\/product\/109203"}],"collection":[{"href":"https:\/\/www.sport4club.be\/index.php\/wp-json\/wp\/v2\/product"}],"about":[{"href":"https:\/\/www.sport4club.be\/index.php\/wp-json\/wp\/v2\/types\/product"}],"replies":[{"embeddable":true,"href":"https:\/\/www.sport4club.be\/index.php\/wp-json\/wp\/v2\/comments?post=109203"}],"wp:featuredmedia":[{"embeddable":true,"href":"https:\/\/www.sport4club.be\/index.php\/wp-json\/wp\/v2\/media\/109204"}],"wp:attachment":[{"href":"https:\/\/www.sport4club.be\/index.php\/wp-json\/wp\/v2\/media?parent=109203"}],"wp:term":[{"taxonomy":"product_cat","embeddable":true,"href":"https:\/\/www.sport4club.be\/index.php\/wp-json\/wp\/v2\/product_cat?post=109203"},{"taxonomy":"product_tag","embeddable":true,"href":"https:\/\/www.sport4club.be\/index.php\/wp-json\/wp\/v2\/product_tag?post=109203"}],"curies":[{"name":"wp","href":"https:\/\/api.w.org\/{rel}","templated":true}]}}