{"id":10919,"date":"2018-12-13T09:34:22","date_gmt":"2018-12-13T08:34:22","guid":{"rendered":"https:\/\/www.sport4club.be\/?post_type=product&#038;p=10919"},"modified":"2018-12-13T09:34:23","modified_gmt":"2018-12-13T08:34:23","slug":"bande-cohesive-elastique-bleu","status":"publish","type":"product","link":"https:\/\/www.sport4club.be\/index.php\/product\/bande-cohesive-elastique-bleu\/","title":{"rendered":"Bande coh\u00e9sive \u00e9lastique bleu"},"content":{"rendered":"<p><em>Bande coh\u00e9sive \u00e9lastique 80% polyester et 20% \u00e9lasthanne. <\/em><\/p>\n<p><em>Adh\u00e8re sur elle-m\u00eame et non sur la peau. <\/em><\/p>\n<p><em>Permet la r\u00e9alisation de contentions souples ou de compression. <\/em><\/p>\n<p><em>Peut \u00e9galement servir pour assurer le maintien de pochettes de froid. <\/em><\/p>\n<p><em>Dimensions 7,5 cm x 4,5m. Coloris: Bleu<\/em><\/p>\n","protected":false},"excerpt":{"rendered":"<p>Bande coh\u00e9sive \u00e9lastique 80% polyester et 20% \u00e9lasthanne. Adh\u00e8re sur elle-m\u00eame et non sur la peau. Permet la r\u00e9alisation de contentions souples ou de compression. Peut \u00e9galement servir pour assurer le maintien de pochettes de froid. Dimensions 7,5 cm x 4,5m. Coloris: Bleu<\/p>\n","protected":false},"featured_media":10920,"comment_status":"open","ping_status":"closed","template":"","meta":[],"product_cat":[15],"product_tag":[],"_links":{"self":[{"href":"https:\/\/www.sport4club.be\/index.php\/wp-json\/wp\/v2\/product\/10919"}],"collection":[{"href":"https:\/\/www.sport4club.be\/index.php\/wp-json\/wp\/v2\/product"}],"about":[{"href":"https:\/\/www.sport4club.be\/index.php\/wp-json\/wp\/v2\/types\/product"}],"replies":[{"embeddable":true,"href":"https:\/\/www.sport4club.be\/index.php\/wp-json\/wp\/v2\/comments?post=10919"}],"wp:featuredmedia":[{"embeddable":true,"href":"https:\/\/www.sport4club.be\/index.php\/wp-json\/wp\/v2\/media\/10920"}],"wp:attachment":[{"href":"https:\/\/www.sport4club.be\/index.php\/wp-json\/wp\/v2\/media?parent=10919"}],"wp:term":[{"taxonomy":"product_cat","embeddable":true,"href":"https:\/\/www.sport4club.be\/index.php\/wp-json\/wp\/v2\/product_cat?post=10919"},{"taxonomy":"product_tag","embeddable":true,"href":"https:\/\/www.sport4club.be\/index.php\/wp-json\/wp\/v2\/product_tag?post=10919"}],"curies":[{"name":"wp","href":"https:\/\/api.w.org\/{rel}","templated":true}]}}