{"id":109111,"date":"2022-05-05T09:41:35","date_gmt":"2022-05-05T07:41:35","guid":{"rendered":"https:\/\/www.sport4club.be\/?post_type=product&#038;p=109111"},"modified":"2024-09-03T12:02:16","modified_gmt":"2024-09-03T10:02:16","slug":"head-boom-team-275gr","status":"publish","type":"product","link":"https:\/\/www.sport4club.be\/index.php\/product\/head-boom-team-275gr\/","title":{"rendered":"HEAD Boom Team 2024 (275gr)"},"content":{"rendered":"<p>La raquette de tennis Head Boom Team 2024 a \u00e9t\u00e9 con\u00e7ue pour offrir un\u00a0acc\u00e8s \u00e0 la puissance facile\u00a0tout en procurant un maximum de jouabilit\u00e9 pour plus de plaisir en jeu.<\/p>\n<p>L&#8217;ajout de la technologie\u00a0Auxetic 2.0\u00a0dans la raquette permet d&#8217;obtenir un meilleur toucher de balle et des sensations de jeu exceptionnelles.<\/p>\n<p>Son\u00a0plan de cordage en 16&#215;19\u00a0coupl\u00e9 \u00e0 son\u00a0tamis de 660cm\u00b2\u00a0procure une\u00a0excellente vitesse de balle\u00a0ainsi qu&#8217;une\u00a0grande tol\u00e9rance, vous permettant d&#8217;effectuer des coups d&#8217;attaques avec assurance. De plus, son\u00a0\u00e9quilibre en t\u00eate \u00e0 33cm\u00a0offre davantage de puissance et vous permettra d&#8217;effectuer des frappes ou services explosifs sans forcer.<\/p>\n<p>Quant \u00e0 son\u00a0poids de 275 grammes, il procure une excellente maniabilit\u00e9 facilitant la\u00a0prise en main. La Head Boom dispose d&#8217;une\u00a0faible rigidit\u00e9\u00a0qui rend ce cadre souple et offre plus de confort \u00e0 l&#8217;impact. Malgr\u00e9 sa souplesse, elle procure une bonne stabilit\u00e9 \u00e0 la vol\u00e9e gr\u00e2ce au\u00a0Graphene Inside.<\/p>\n<p>Cette raquette de tennis a \u00e9t\u00e9 con\u00e7ue pour offrir un\u00a0maximum de puissance et de toucher de balle, tout en offrant une excellente jouabilit\u00e9, la rendant accessible \u00e0 un tr\u00e8s grand nombre de joueurs.<\/p>\n<p>Cette raquette se destine \u00e0 des joueurs d&#8217;un niveau d\u00e9butant \u00e0 interm\u00e9diaire souhaitant progresser durablement et souhaitant un acc\u00e8s facile \u00e0 la puissance. De plus, sa prise en main facile et sa tol\u00e9rance la rendent accessible et offrent une meilleure jouabilit\u00e9.<\/p>\n","protected":false},"excerpt":{"rendered":"<p>La raquette de tennis Head Boom Team 2024 a \u00e9t\u00e9 con\u00e7ue pour offrir un\u00a0acc\u00e8s \u00e0 la puissance facile\u00a0tout en procurant un maximum de jouabilit\u00e9 pour plus de plaisir en jeu. L&#8217;ajout de la technologie\u00a0Auxetic 2.0\u00a0dans la raquette permet d&#8217;obtenir un meilleur toucher de balle et des sensations de jeu exceptionnelles. Son\u00a0plan de cordage en 16&#215;19\u00a0coupl\u00e9 [&hellip;]<\/p>\n","protected":false},"featured_media":113932,"comment_status":"open","ping_status":"closed","template":"","meta":[],"product_cat":[145,786],"product_tag":[],"_links":{"self":[{"href":"https:\/\/www.sport4club.be\/index.php\/wp-json\/wp\/v2\/product\/109111"}],"collection":[{"href":"https:\/\/www.sport4club.be\/index.php\/wp-json\/wp\/v2\/product"}],"about":[{"href":"https:\/\/www.sport4club.be\/index.php\/wp-json\/wp\/v2\/types\/product"}],"replies":[{"embeddable":true,"href":"https:\/\/www.sport4club.be\/index.php\/wp-json\/wp\/v2\/comments?post=109111"}],"wp:featuredmedia":[{"embeddable":true,"href":"https:\/\/www.sport4club.be\/index.php\/wp-json\/wp\/v2\/media\/113932"}],"wp:attachment":[{"href":"https:\/\/www.sport4club.be\/index.php\/wp-json\/wp\/v2\/media?parent=109111"}],"wp:term":[{"taxonomy":"product_cat","embeddable":true,"href":"https:\/\/www.sport4club.be\/index.php\/wp-json\/wp\/v2\/product_cat?post=109111"},{"taxonomy":"product_tag","embeddable":true,"href":"https:\/\/www.sport4club.be\/index.php\/wp-json\/wp\/v2\/product_tag?post=109111"}],"curies":[{"name":"wp","href":"https:\/\/api.w.org\/{rel}","templated":true}]}}