{"id":109060,"date":"2022-04-16T10:31:40","date_gmt":"2022-04-16T08:31:40","guid":{"rendered":"https:\/\/www.sport4club.be\/?post_type=product&#038;p=109060"},"modified":"2023-10-31T10:06:44","modified_gmt":"2023-10-31T09:06:44","slug":"black-crown-hurricane-pro","status":"publish","type":"product","link":"https:\/\/www.sport4club.be\/index.php\/product\/black-crown-hurricane-pro\/","title":{"rendered":"Black Crown Hurricane Pro"},"content":{"rendered":"<p><em>La forme ronde de la\u00a0<strong>Black Crownn Hurricane Pro<\/strong>\u00a0offre un bon \u00e9quilibre entre contr\u00f4le et puissance. La combinaison\u00a0<strong>Eva Soft<\/strong>\u00a0et de la\u00a0<strong>couche de carbone 12k<\/strong> offre une grande r\u00e9activit\u00e9 sur les coups d&#8217;attaque ainsi qu&#8217;un tr\u00e8s bon toucher sur les coups en d\u00e9fense. Son manche plus long vous permet d&#8217;effectuer des revers \u00e0 deux mains.<\/em><\/p>\n<p><em>C&#8217;est une raquette que nous conseillons aux <strong>joueurs confirm\u00e9s<\/strong>\u00a0cherchant \u00e0 r\u00e9aliser des coups pr\u00e9cis et agressifs avec un toucher doux.<\/em><\/p>\n<p><em><span class=\"fontstyle0\">Cette raquette est utilis\u00e9e par la joueuse\u00a0<strong>Marta Marrero<\/strong>\u00a0,\u00a0<\/span><span class=\"fontstyle1\">n\u00b05\u00a0<\/span><span class=\"fontstyle0\">du classement WPT.<\/span><\/em><\/p>\n","protected":false},"excerpt":{"rendered":"<p>La forme ronde de la\u00a0Black Crownn Hurricane Pro\u00a0offre un bon \u00e9quilibre entre contr\u00f4le et puissance. La combinaison\u00a0Eva Soft\u00a0et de la\u00a0couche de carbone 12k offre une grande r\u00e9activit\u00e9 sur les coups d&#8217;attaque ainsi qu&#8217;un tr\u00e8s bon toucher sur les coups en d\u00e9fense. Son manche plus long vous permet d&#8217;effectuer des revers \u00e0 deux mains. C&#8217;est une [&hellip;]<\/p>\n","protected":false},"featured_media":109061,"comment_status":"open","ping_status":"closed","template":"","meta":[],"product_cat":[786,84],"product_tag":[],"_links":{"self":[{"href":"https:\/\/www.sport4club.be\/index.php\/wp-json\/wp\/v2\/product\/109060"}],"collection":[{"href":"https:\/\/www.sport4club.be\/index.php\/wp-json\/wp\/v2\/product"}],"about":[{"href":"https:\/\/www.sport4club.be\/index.php\/wp-json\/wp\/v2\/types\/product"}],"replies":[{"embeddable":true,"href":"https:\/\/www.sport4club.be\/index.php\/wp-json\/wp\/v2\/comments?post=109060"}],"wp:featuredmedia":[{"embeddable":true,"href":"https:\/\/www.sport4club.be\/index.php\/wp-json\/wp\/v2\/media\/109061"}],"wp:attachment":[{"href":"https:\/\/www.sport4club.be\/index.php\/wp-json\/wp\/v2\/media?parent=109060"}],"wp:term":[{"taxonomy":"product_cat","embeddable":true,"href":"https:\/\/www.sport4club.be\/index.php\/wp-json\/wp\/v2\/product_cat?post=109060"},{"taxonomy":"product_tag","embeddable":true,"href":"https:\/\/www.sport4club.be\/index.php\/wp-json\/wp\/v2\/product_tag?post=109060"}],"curies":[{"name":"wp","href":"https:\/\/api.w.org\/{rel}","templated":true}]}}