{"id":108853,"date":"2022-03-09T11:21:45","date_gmt":"2022-03-09T10:21:45","guid":{"rendered":"https:\/\/www.sport4club.be\/?post_type=product&#038;p=108853"},"modified":"2024-01-23T17:54:30","modified_gmt":"2024-01-23T16:54:30","slug":"balls-unlimited-code-red-18x4balles","status":"publish","type":"product","link":"https:\/\/www.sport4club.be\/index.php\/product\/balls-unlimited-code-red-18x4balles\/","title":{"rendered":"Balls Unlimited Code Red 18x4balles"},"content":{"rendered":"<p><em>Pour le Code Rouge, nous comptons sur le feutre de performance produit sp\u00e9cialement pour nous en Angleterre par WSP. <\/em><\/p>\n<p><em>En combinaison avec le noyau de balle en caoutchouc naturel, il offre une sensation de jeu incomparable sur toutes les surfaces de terrain.<\/em><\/p>\n<p><em> Gr\u00e2ce \u00e0 sa faible absorption d\u2019humidit\u00e9, la balle est particuli\u00e8rement adapt\u00e9e \u00e0 l\u2019utilisation dans le hall climatis\u00e9.<\/em><\/p>\n<p><em>Un vrai choix polyvalent avec un excellent rapport qualit\u00e9-prix.<\/em><\/p>\n<p><strong>ITF APPROVED<\/strong><\/p>\n<p>&nbsp;<\/p>\n","protected":false},"excerpt":{"rendered":"<p>Pour le Code Rouge, nous comptons sur le feutre de performance produit sp\u00e9cialement pour nous en Angleterre par WSP. En combinaison avec le noyau de balle en caoutchouc naturel, il offre une sensation de jeu incomparable sur toutes les surfaces de terrain. Gr\u00e2ce \u00e0 sa faible absorption d\u2019humidit\u00e9, la balle est particuli\u00e8rement adapt\u00e9e \u00e0 l\u2019utilisation [&hellip;]<\/p>\n","protected":false},"featured_media":109238,"comment_status":"open","ping_status":"closed","template":"","meta":[],"product_cat":[106],"product_tag":[],"_links":{"self":[{"href":"https:\/\/www.sport4club.be\/index.php\/wp-json\/wp\/v2\/product\/108853"}],"collection":[{"href":"https:\/\/www.sport4club.be\/index.php\/wp-json\/wp\/v2\/product"}],"about":[{"href":"https:\/\/www.sport4club.be\/index.php\/wp-json\/wp\/v2\/types\/product"}],"replies":[{"embeddable":true,"href":"https:\/\/www.sport4club.be\/index.php\/wp-json\/wp\/v2\/comments?post=108853"}],"wp:featuredmedia":[{"embeddable":true,"href":"https:\/\/www.sport4club.be\/index.php\/wp-json\/wp\/v2\/media\/109238"}],"wp:attachment":[{"href":"https:\/\/www.sport4club.be\/index.php\/wp-json\/wp\/v2\/media?parent=108853"}],"wp:term":[{"taxonomy":"product_cat","embeddable":true,"href":"https:\/\/www.sport4club.be\/index.php\/wp-json\/wp\/v2\/product_cat?post=108853"},{"taxonomy":"product_tag","embeddable":true,"href":"https:\/\/www.sport4club.be\/index.php\/wp-json\/wp\/v2\/product_tag?post=108853"}],"curies":[{"name":"wp","href":"https:\/\/api.w.org\/{rel}","templated":true}]}}