{"id":108843,"date":"2022-03-08T11:13:20","date_gmt":"2022-03-08T10:13:20","guid":{"rendered":"https:\/\/www.sport4club.be\/?post_type=product&#038;p=108843"},"modified":"2022-03-08T11:13:20","modified_gmt":"2022-03-08T10:13:20","slug":"babolat-exercise-paded-jacket","status":"publish","type":"product","link":"https:\/\/www.sport4club.be\/index.php\/product\/babolat-exercise-paded-jacket\/","title":{"rendered":"Babolat Exercise Paded Jacket"},"content":{"rendered":"<p><em>La veste id\u00e9ale pour \u00eatre sur le court lors de cessions d&#8217;entra\u00eenements tardifs et frais. Sa l\u00e9g\u00e8ret\u00e9, son pouvoir isolant et sa construction qui facilite le mouvement deviendront vite vos soutiens.<\/em><\/p>\n<p><em>Ouverte int\u00e9gralement sur le devant. 2 poches lat\u00e9rales zipp\u00e9s, s\u00e9curisent le stockage de vos objets du quotidien.<\/em><\/p>\n<p><em>Une poche poitrine int\u00e9rieure, avec oeillet de passage pour \u00e9couteurs, permet le stockage du t\u00e9l\u00e9phone en toute s\u00e9curit\u00e9. Le bas des manches et du corps sont finis par des bandes \u00e9lastiques pour limiter les courants d&#8217;air. Id\u00e9ale pour un coach, cette veste est aussi parfaite pour vous accompagner lors de vos moments de d\u00e9tentes.<\/em><\/p>\n<table class=\"slds-table slds-table_header-hidden\">\n<tbody>\n<tr class=\"slds-hint-parent slds-border_bottom\">\n<td class=\"slds-cell-wrap\">Composition<\/td>\n<td class=\"slds-cell-wrap\">Shell : 100% Polyamide<\/p>\n<p>Yoke : 97% polyester 3% spandex<\/p>\n<p>Insulation : 100% polyester<\/td>\n<\/tr>\n<\/tbody>\n<\/table>\n","protected":false},"excerpt":{"rendered":"<p>La veste id\u00e9ale pour \u00eatre sur le court lors de cessions d&#8217;entra\u00eenements tardifs et frais. Sa l\u00e9g\u00e8ret\u00e9, son pouvoir isolant et sa construction qui facilite le mouvement deviendront vite vos soutiens. Ouverte int\u00e9gralement sur le devant. 2 poches lat\u00e9rales zipp\u00e9s, s\u00e9curisent le stockage de vos objets du quotidien. Une poche poitrine int\u00e9rieure, avec oeillet de [&hellip;]<\/p>\n","protected":false},"featured_media":108844,"comment_status":"open","ping_status":"closed","template":"","meta":[],"product_cat":[481],"product_tag":[],"_links":{"self":[{"href":"https:\/\/www.sport4club.be\/index.php\/wp-json\/wp\/v2\/product\/108843"}],"collection":[{"href":"https:\/\/www.sport4club.be\/index.php\/wp-json\/wp\/v2\/product"}],"about":[{"href":"https:\/\/www.sport4club.be\/index.php\/wp-json\/wp\/v2\/types\/product"}],"replies":[{"embeddable":true,"href":"https:\/\/www.sport4club.be\/index.php\/wp-json\/wp\/v2\/comments?post=108843"}],"wp:featuredmedia":[{"embeddable":true,"href":"https:\/\/www.sport4club.be\/index.php\/wp-json\/wp\/v2\/media\/108844"}],"wp:attachment":[{"href":"https:\/\/www.sport4club.be\/index.php\/wp-json\/wp\/v2\/media?parent=108843"}],"wp:term":[{"taxonomy":"product_cat","embeddable":true,"href":"https:\/\/www.sport4club.be\/index.php\/wp-json\/wp\/v2\/product_cat?post=108843"},{"taxonomy":"product_tag","embeddable":true,"href":"https:\/\/www.sport4club.be\/index.php\/wp-json\/wp\/v2\/product_tag?post=108843"}],"curies":[{"name":"wp","href":"https:\/\/api.w.org\/{rel}","templated":true}]}}