{"id":108819,"date":"2022-03-08T10:22:52","date_gmt":"2022-03-08T09:22:52","guid":{"rendered":"https:\/\/www.sport4club.be\/?post_type=product&#038;p=108819"},"modified":"2024-01-08T10:03:01","modified_gmt":"2024-01-08T09:03:01","slug":"babolat-exercise-hood-jacket","status":"publish","type":"product","link":"https:\/\/www.sport4club.be\/index.php\/product\/babolat-exercise-hood-jacket\/","title":{"rendered":"Babolat Exercise Hood Jacket"},"content":{"rendered":"<p><em>Confortable et souple, cette veste \u00e0 capuche avec ouverture sur le devant, 2 poches, et cordon de r\u00e9glage capuche, vous accompagnera sur et hors du court, sans probl\u00e8me.<\/em><\/p>\n<p>&nbsp;<\/p>\n<table class=\"slds-table slds-table_header-hidden\">\n<tbody>\n<tr class=\"slds-hint-parent slds-border_bottom\">\n<td class=\"slds-cell-wrap\">Composition :<\/td>\n<td class=\"slds-cell-wrap\">Body: 60% Cotton 40% polyester<\/p>\n<p>Cuffs and hem band: 95% cotton 5% elastane<\/td>\n<\/tr>\n<\/tbody>\n<\/table>\n","protected":false},"excerpt":{"rendered":"<p>Confortable et souple, cette veste \u00e0 capuche avec ouverture sur le devant, 2 poches, et cordon de r\u00e9glage capuche, vous accompagnera sur et hors du court, sans probl\u00e8me. &nbsp; Composition : Body: 60% Cotton 40% polyester Cuffs and hem band: 95% cotton 5% elastane<\/p>\n","protected":false},"featured_media":108820,"comment_status":"open","ping_status":"closed","template":"","meta":[],"product_cat":[481,786],"product_tag":[],"_links":{"self":[{"href":"https:\/\/www.sport4club.be\/index.php\/wp-json\/wp\/v2\/product\/108819"}],"collection":[{"href":"https:\/\/www.sport4club.be\/index.php\/wp-json\/wp\/v2\/product"}],"about":[{"href":"https:\/\/www.sport4club.be\/index.php\/wp-json\/wp\/v2\/types\/product"}],"replies":[{"embeddable":true,"href":"https:\/\/www.sport4club.be\/index.php\/wp-json\/wp\/v2\/comments?post=108819"}],"wp:featuredmedia":[{"embeddable":true,"href":"https:\/\/www.sport4club.be\/index.php\/wp-json\/wp\/v2\/media\/108820"}],"wp:attachment":[{"href":"https:\/\/www.sport4club.be\/index.php\/wp-json\/wp\/v2\/media?parent=108819"}],"wp:term":[{"taxonomy":"product_cat","embeddable":true,"href":"https:\/\/www.sport4club.be\/index.php\/wp-json\/wp\/v2\/product_cat?post=108819"},{"taxonomy":"product_tag","embeddable":true,"href":"https:\/\/www.sport4club.be\/index.php\/wp-json\/wp\/v2\/product_tag?post=108819"}],"curies":[{"name":"wp","href":"https:\/\/api.w.org\/{rel}","templated":true}]}}