{"id":108814,"date":"2022-03-05T16:19:12","date_gmt":"2022-03-05T15:19:12","guid":{"rendered":"https:\/\/www.sport4club.be\/?post_type=product&#038;p=108814"},"modified":"2024-08-21T17:09:20","modified_gmt":"2024-08-21T15:09:20","slug":"wilson-padel-rush-100-24x3balles","status":"publish","type":"product","link":"https:\/\/www.sport4club.be\/index.php\/product\/wilson-padel-rush-100-24x3balles\/","title":{"rendered":"Wilson Padel Rush 100 24x3balles"},"content":{"rendered":"<p>La balle Wilson Padel Rush 100 est\u00a0tr\u00e8s r\u00e9sistante\u00a0afin de vous proposer de longues heures de jeu tout en gardant un confort de jeu. Le\u00a0feutre Dura-Weave\u00a0pr\u00e9sent sur la balle permet une excellente tenue du logo et un maintien durable des performances .C\u2019est une balle notamment\u00a0recommand\u00e9e pour la comp\u00e9tition.<\/p>\n<p>Wilson a \u00e9galement mis\u00e9 sur un\u00a0emballage ecofriendly, puisque l&#8217;emballage est enti\u00e8rement recyclable et le capuchon permet de r\u00e9duire de moiti\u00e9 les d\u00e9chets plastiques. Ce capuchon emp\u00eachera tout de m\u00eame les balles Wilson Padel Rush 100 de tomber pour tous les joueurs souhaitant r\u00e9utiliser le tube.<\/p>\n<p>Le carton contient 24 tubes de 3 balles, soit\u00a072 balles.<\/p>\n","protected":false},"excerpt":{"rendered":"<p>La balle Wilson Padel Rush 100 est\u00a0tr\u00e8s r\u00e9sistante\u00a0afin de vous proposer de longues heures de jeu tout en gardant un confort de jeu. Le\u00a0feutre Dura-Weave\u00a0pr\u00e9sent sur la balle permet une excellente tenue du logo et un maintien durable des performances .C\u2019est une balle notamment\u00a0recommand\u00e9e pour la comp\u00e9tition. Wilson a \u00e9galement mis\u00e9 sur un\u00a0emballage ecofriendly, puisque [&hellip;]<\/p>\n","protected":false},"featured_media":108815,"comment_status":"open","ping_status":"closed","template":"","meta":[],"product_cat":[88],"product_tag":[],"_links":{"self":[{"href":"https:\/\/www.sport4club.be\/index.php\/wp-json\/wp\/v2\/product\/108814"}],"collection":[{"href":"https:\/\/www.sport4club.be\/index.php\/wp-json\/wp\/v2\/product"}],"about":[{"href":"https:\/\/www.sport4club.be\/index.php\/wp-json\/wp\/v2\/types\/product"}],"replies":[{"embeddable":true,"href":"https:\/\/www.sport4club.be\/index.php\/wp-json\/wp\/v2\/comments?post=108814"}],"wp:featuredmedia":[{"embeddable":true,"href":"https:\/\/www.sport4club.be\/index.php\/wp-json\/wp\/v2\/media\/108815"}],"wp:attachment":[{"href":"https:\/\/www.sport4club.be\/index.php\/wp-json\/wp\/v2\/media?parent=108814"}],"wp:term":[{"taxonomy":"product_cat","embeddable":true,"href":"https:\/\/www.sport4club.be\/index.php\/wp-json\/wp\/v2\/product_cat?post=108814"},{"taxonomy":"product_tag","embeddable":true,"href":"https:\/\/www.sport4club.be\/index.php\/wp-json\/wp\/v2\/product_tag?post=108814"}],"curies":[{"name":"wp","href":"https:\/\/api.w.org\/{rel}","templated":true}]}}