{"id":108808,"date":"2022-03-05T16:06:29","date_gmt":"2022-03-05T15:06:29","guid":{"rendered":"https:\/\/www.sport4club.be\/?post_type=product&#038;p=108808"},"modified":"2024-08-21T17:04:43","modified_gmt":"2024-08-21T15:04:43","slug":"wilson-padel-x3balles","status":"publish","type":"product","link":"https:\/\/www.sport4club.be\/index.php\/product\/wilson-padel-x3balles\/","title":{"rendered":"Wilson Padel x3balles"},"content":{"rendered":"<p>La balle Wilson Padel X3 allie coh\u00e9rence, jouabilit\u00e9 et durabilit\u00e9 afin de r\u00e9pondre aux attentes des joueurs en\u00a0mati\u00e8re de performances de balles. Elle a notamment \u00e9t\u00e9 con\u00e7ue pour les surfaces de courts plus rapides. Le\u00a0feutre Dura-Weave\u00a0pr\u00e9sent sur la balle permet une excellente tenue du logo et maintien durable des performances .<\/p>\n<p>Wilson a \u00e9galement mis\u00e9 sur un\u00a0emballage ecofriendly, puisque l&#8217;emballage est enti\u00e8rement recyclable et le capuchon permet de r\u00e9duire de moiti\u00e9 les d\u00e9chets plastiques. Ce capuchon emp\u00eachera tout de m\u00eame les balles Wilson Padel X3 de tomber pour tous les joueurs souhaitant r\u00e9utiliser le tube.<\/p>\n","protected":false},"excerpt":{"rendered":"<p>La balle Wilson Padel X3 allie coh\u00e9rence, jouabilit\u00e9 et durabilit\u00e9 afin de r\u00e9pondre aux attentes des joueurs en\u00a0mati\u00e8re de performances de balles. Elle a notamment \u00e9t\u00e9 con\u00e7ue pour les surfaces de courts plus rapides. Le\u00a0feutre Dura-Weave\u00a0pr\u00e9sent sur la balle permet une excellente tenue du logo et maintien durable des performances . Wilson a \u00e9galement mis\u00e9 [&hellip;]<\/p>\n","protected":false},"featured_media":108809,"comment_status":"open","ping_status":"closed","template":"","meta":[],"product_cat":[88],"product_tag":[],"_links":{"self":[{"href":"https:\/\/www.sport4club.be\/index.php\/wp-json\/wp\/v2\/product\/108808"}],"collection":[{"href":"https:\/\/www.sport4club.be\/index.php\/wp-json\/wp\/v2\/product"}],"about":[{"href":"https:\/\/www.sport4club.be\/index.php\/wp-json\/wp\/v2\/types\/product"}],"replies":[{"embeddable":true,"href":"https:\/\/www.sport4club.be\/index.php\/wp-json\/wp\/v2\/comments?post=108808"}],"wp:featuredmedia":[{"embeddable":true,"href":"https:\/\/www.sport4club.be\/index.php\/wp-json\/wp\/v2\/media\/108809"}],"wp:attachment":[{"href":"https:\/\/www.sport4club.be\/index.php\/wp-json\/wp\/v2\/media?parent=108808"}],"wp:term":[{"taxonomy":"product_cat","embeddable":true,"href":"https:\/\/www.sport4club.be\/index.php\/wp-json\/wp\/v2\/product_cat?post=108808"},{"taxonomy":"product_tag","embeddable":true,"href":"https:\/\/www.sport4club.be\/index.php\/wp-json\/wp\/v2\/product_tag?post=108808"}],"curies":[{"name":"wp","href":"https:\/\/api.w.org\/{rel}","templated":true}]}}