{"id":108694,"date":"2022-02-20T15:25:06","date_gmt":"2022-02-20T14:25:06","guid":{"rendered":"https:\/\/www.sport4club.be\/?post_type=product&#038;p=108694"},"modified":"2024-08-04T10:13:49","modified_gmt":"2024-08-04T08:13:49","slug":"solinco-white-out-290gr","status":"publish","type":"product","link":"https:\/\/www.sport4club.be\/index.php\/product\/solinco-white-out-290gr\/","title":{"rendered":"Solinco White OUt (290gr)"},"content":{"rendered":"<p>La raquette de tennis\u00a0<strong>Solinco White Out 290<\/strong>\u00a0procure\u00a0<strong>un haut niveau de contr\u00f4le\u00a0<\/strong>et offre<strong>\u00a0une excellente stabilit\u00e9<\/strong>.<br \/>\nMalgr\u00e9 son poids de\u00a0<em>290g<\/em>\u00a0qui lui offre une\u00a0<strong>grande maniabilit\u00e9<\/strong>, le nouveau mat\u00e9riau performant<strong>\u00a0Liquid Crystal Polymer<\/strong>\u00a0vient renforcer sa construction qui va lui conf\u00e9rer une r\u00e9sistance et une\u00a0<strong>stabilit\u00e9<\/strong>\u00a05 fois sup\u00e9rieures \u00e0 celle de l&#8217;acier. Les amateurs du jeu vers l&#8217;avant et du service vol\u00e9e vont \u00eatre ravis !<\/p>\n<p>M\u00eame si son tamis de<strong>\u00a0<em>630cm\u00b2<\/em><\/strong>\u00a0lui offre\u00a0<strong>beaucoup de contr\u00f4le<\/strong>, son plan de cordage\u00a0<em>16&#215;19<\/em>\u00a0et \u00e0 son \u00e9quilibre l\u00e9g\u00e8rement en t\u00eate \u00e0\u00a0<em>32,5cm<\/em>\u00a0lui offrent le peps n\u00e9cessaire pour finir le point quand l&#8217;occasion se pr\u00e9sente.<\/p>\n<p>Ce cadre se destine \u00e0 des joueurs confirm\u00e9s, plut\u00f4t puissants naturellement et jouant un jeu \u00e0 plat qui n\u00e9cessite<strong>\u00a0pr\u00e9cision et de stabilit\u00e9<\/strong>. Sa bonne maniabilit\u00e9 la rend accessible \u00e0 des joueurs d\u00e8s la 3\u00e8me s\u00e9rie et procure une excellente vivacit\u00e9 au filet.<\/p>\n<h2><\/h2>\n","protected":false},"excerpt":{"rendered":"<p>La raquette de tennis\u00a0Solinco White Out 290\u00a0procure\u00a0un haut niveau de contr\u00f4le\u00a0et offre\u00a0une excellente stabilit\u00e9. Malgr\u00e9 son poids de\u00a0290g\u00a0qui lui offre une\u00a0grande maniabilit\u00e9, le nouveau mat\u00e9riau performant\u00a0Liquid Crystal Polymer\u00a0vient renforcer sa construction qui va lui conf\u00e9rer une r\u00e9sistance et une\u00a0stabilit\u00e9\u00a05 fois sup\u00e9rieures \u00e0 celle de l&#8217;acier. Les amateurs du jeu vers l&#8217;avant et du service vol\u00e9e [&hellip;]<\/p>\n","protected":false},"featured_media":108695,"comment_status":"open","ping_status":"closed","template":"","meta":[],"product_cat":[145],"product_tag":[],"_links":{"self":[{"href":"https:\/\/www.sport4club.be\/index.php\/wp-json\/wp\/v2\/product\/108694"}],"collection":[{"href":"https:\/\/www.sport4club.be\/index.php\/wp-json\/wp\/v2\/product"}],"about":[{"href":"https:\/\/www.sport4club.be\/index.php\/wp-json\/wp\/v2\/types\/product"}],"replies":[{"embeddable":true,"href":"https:\/\/www.sport4club.be\/index.php\/wp-json\/wp\/v2\/comments?post=108694"}],"wp:featuredmedia":[{"embeddable":true,"href":"https:\/\/www.sport4club.be\/index.php\/wp-json\/wp\/v2\/media\/108695"}],"wp:attachment":[{"href":"https:\/\/www.sport4club.be\/index.php\/wp-json\/wp\/v2\/media?parent=108694"}],"wp:term":[{"taxonomy":"product_cat","embeddable":true,"href":"https:\/\/www.sport4club.be\/index.php\/wp-json\/wp\/v2\/product_cat?post=108694"},{"taxonomy":"product_tag","embeddable":true,"href":"https:\/\/www.sport4club.be\/index.php\/wp-json\/wp\/v2\/product_tag?post=108694"}],"curies":[{"name":"wp","href":"https:\/\/api.w.org\/{rel}","templated":true}]}}