{"id":108689,"date":"2022-02-20T15:15:37","date_gmt":"2022-02-20T14:15:37","guid":{"rendered":"https:\/\/www.sport4club.be\/?post_type=product&#038;p=108689"},"modified":"2024-08-04T10:14:34","modified_gmt":"2024-08-04T08:14:34","slug":"solinco-white-out-305gr","status":"publish","type":"product","link":"https:\/\/www.sport4club.be\/index.php\/product\/solinco-white-out-305gr\/","title":{"rendered":"Solinco White Out (305gr)"},"content":{"rendered":"<p>La raquette de tennis\u00a0<strong>Solinco White Out 305\u00a0<\/strong>est con\u00e7ue pour offrir un\u00a0<strong>maximum de contr\u00f4le<\/strong>, de\u00a0<strong>stabilit\u00e9<\/strong>\u00a0et de\u00a0<strong>pr\u00e9cision<\/strong>. Son poids de\u00a0<em>305 grammes<\/em>\u00a0ainsi que son \u00e9quilibre de\u00a0<em>32cm<\/em>\u00a0la rend assez\u00a0<strong>maniable<\/strong>\u00a0alors que son tamis de\u00a0<em>630cm\u00b2<\/em>\u00a0vous apportera une excellente pr\u00e9cision sur chacune de vos frappes.<\/p>\n<p>La technologie\u00a0<strong>Liquid Crystal Polymer<\/strong>\u00a0vient am\u00e9liorer la\u00a0<strong>stabilit\u00e9<\/strong>\u00a0gr\u00e2ce \u00e0 une r\u00e9sistance 5 fois sup\u00e9rieures \u00e0 celle de l&#8217;acier. En effet, vous ressentirez une certaine fermet\u00e9 \u00e0 l&#8217;impact coupl\u00e9 \u00e0 une \u00e9norme stabilit\u00e9 pour des sensations de jeu accrues.<\/p>\n<p>Elle se destine \u00e0 des joueurs confirm\u00e9s ayant un bon niveau technique. Le profil id\u00e9al pour ce cadre : le pur attaquant qui frappe \u00e0 plat ou l\u00e9g\u00e8rement recouvert avec une grosse qualit\u00e9 de frappe. Vous vous reconnaissez ? Alors vous serez s\u00e9duit par cette raquette orient\u00e9e sur le contr\u00f4le.<\/p>\n","protected":false},"excerpt":{"rendered":"<p>La raquette de tennis\u00a0Solinco White Out 305\u00a0est con\u00e7ue pour offrir un\u00a0maximum de contr\u00f4le, de\u00a0stabilit\u00e9\u00a0et de\u00a0pr\u00e9cision. Son poids de\u00a0305 grammes\u00a0ainsi que son \u00e9quilibre de\u00a032cm\u00a0la rend assez\u00a0maniable\u00a0alors que son tamis de\u00a0630cm\u00b2\u00a0vous apportera une excellente pr\u00e9cision sur chacune de vos frappes. La technologie\u00a0Liquid Crystal Polymer\u00a0vient am\u00e9liorer la\u00a0stabilit\u00e9\u00a0gr\u00e2ce \u00e0 une r\u00e9sistance 5 fois sup\u00e9rieures \u00e0 celle de l&#8217;acier. En [&hellip;]<\/p>\n","protected":false},"featured_media":108690,"comment_status":"open","ping_status":"closed","template":"","meta":[],"product_cat":[145],"product_tag":[],"_links":{"self":[{"href":"https:\/\/www.sport4club.be\/index.php\/wp-json\/wp\/v2\/product\/108689"}],"collection":[{"href":"https:\/\/www.sport4club.be\/index.php\/wp-json\/wp\/v2\/product"}],"about":[{"href":"https:\/\/www.sport4club.be\/index.php\/wp-json\/wp\/v2\/types\/product"}],"replies":[{"embeddable":true,"href":"https:\/\/www.sport4club.be\/index.php\/wp-json\/wp\/v2\/comments?post=108689"}],"wp:featuredmedia":[{"embeddable":true,"href":"https:\/\/www.sport4club.be\/index.php\/wp-json\/wp\/v2\/media\/108690"}],"wp:attachment":[{"href":"https:\/\/www.sport4club.be\/index.php\/wp-json\/wp\/v2\/media?parent=108689"}],"wp:term":[{"taxonomy":"product_cat","embeddable":true,"href":"https:\/\/www.sport4club.be\/index.php\/wp-json\/wp\/v2\/product_cat?post=108689"},{"taxonomy":"product_tag","embeddable":true,"href":"https:\/\/www.sport4club.be\/index.php\/wp-json\/wp\/v2\/product_tag?post=108689"}],"curies":[{"name":"wp","href":"https:\/\/api.w.org\/{rel}","templated":true}]}}