{"id":108673,"date":"2022-02-17T09:31:26","date_gmt":"2022-02-17T08:31:26","guid":{"rendered":"https:\/\/www.sport4club.be\/?post_type=product&#038;p=108673"},"modified":"2025-08-27T13:54:36","modified_gmt":"2025-08-27T11:54:36","slug":"orven-malta-v1","status":"publish","type":"product","link":"https:\/\/www.sport4club.be\/index.php\/product\/orven-malta-v1\/","title":{"rendered":"Orven Malta V1"},"content":{"rendered":"<p>La raquette ORVEN MALTA V1 est fabriqu\u00e9e avec des mat\u00e9riaux de premi\u00e8re qualit\u00e9. Le cadre de ce mod\u00e8le est fait d&#8217;un tubulaire en fibre de verre, renforc\u00e9 avec du Kevlar et du carbone dans les ponts, ce qui nous donnera une grande coh\u00e9rence dans les coups afin d&#8217;obtenir un jeu de bien meilleure qualit\u00e9. Les faces sont cr\u00e9\u00e9es avec du Carbon Plain 6K et de la fibre de verre \u00e0 haute \u00e9lasticit\u00e9, ce qui permet une sortie incroyable de la balle. Le noyau de la raquette est fait de caoutchouc Eva SOFT, ce qui permet d&#8217;obtenir un toucher impressionnant, une m\u00e9moire des coups et un grand contr\u00f4le.<\/p>\n<p>L&#8217;esth\u00e9tique de la raquette ORVEN MALTA V1 est bas\u00e9e sur un style inimitable, cachant sous ses couleurs et son design un grain qui vous laissera surpris. Nous prenons soin de tous les d\u00e9tails et c&#8217;est ce qui nous rend diff\u00e9rents.<\/p>\n","protected":false},"excerpt":{"rendered":"<p>La raquette ORVEN MALTA V1 est fabriqu\u00e9e avec des mat\u00e9riaux de premi\u00e8re qualit\u00e9. Le cadre de ce mod\u00e8le est fait d&#8217;un tubulaire en fibre de verre, renforc\u00e9 avec du Kevlar et du carbone dans les ponts, ce qui nous donnera une grande coh\u00e9rence dans les coups afin d&#8217;obtenir un jeu de bien meilleure qualit\u00e9. Les [&hellip;]<\/p>\n","protected":false},"featured_media":108674,"comment_status":"open","ping_status":"closed","template":"","meta":[],"product_cat":[84],"product_tag":[],"_links":{"self":[{"href":"https:\/\/www.sport4club.be\/index.php\/wp-json\/wp\/v2\/product\/108673"}],"collection":[{"href":"https:\/\/www.sport4club.be\/index.php\/wp-json\/wp\/v2\/product"}],"about":[{"href":"https:\/\/www.sport4club.be\/index.php\/wp-json\/wp\/v2\/types\/product"}],"replies":[{"embeddable":true,"href":"https:\/\/www.sport4club.be\/index.php\/wp-json\/wp\/v2\/comments?post=108673"}],"wp:featuredmedia":[{"embeddable":true,"href":"https:\/\/www.sport4club.be\/index.php\/wp-json\/wp\/v2\/media\/108674"}],"wp:attachment":[{"href":"https:\/\/www.sport4club.be\/index.php\/wp-json\/wp\/v2\/media?parent=108673"}],"wp:term":[{"taxonomy":"product_cat","embeddable":true,"href":"https:\/\/www.sport4club.be\/index.php\/wp-json\/wp\/v2\/product_cat?post=108673"},{"taxonomy":"product_tag","embeddable":true,"href":"https:\/\/www.sport4club.be\/index.php\/wp-json\/wp\/v2\/product_tag?post=108673"}],"curies":[{"name":"wp","href":"https:\/\/api.w.org\/{rel}","templated":true}]}}