{"id":108671,"date":"2022-02-17T09:25:29","date_gmt":"2022-02-17T08:25:29","guid":{"rendered":"https:\/\/www.sport4club.be\/?post_type=product&#038;p=108671"},"modified":"2025-08-27T13:53:48","modified_gmt":"2025-08-27T11:53:48","slug":"orven-kume","status":"publish","type":"product","link":"https:\/\/www.sport4club.be\/index.php\/product\/orven-kume\/","title":{"rendered":"Orven Kume V1"},"content":{"rendered":"<p>La RAQUETTE ORVEN KUME V1 est cr\u00e9\u00e9e pour les joueurs qui ont plus de puissance mais sans sacrifier le contr\u00f4le de la balle, pour obtenir un coup spectaculaire. La raquette polyvalente par excellence.<\/p>\n<p>La raquette Orven KUME V1 est la petite s\u0153ur de la raquette KERALA V2. Avec des mat\u00e9riaux de haute qualit\u00e9, nous avons r\u00e9alis\u00e9 une raquette impressionnante qui ravira certainement les joueurs les plus exigeants. Toutes nos raquettes sont 100% fabriqu\u00e9es en Espagne.<\/p>\n<p>La raquette ORVEN KUME V1 est fabriqu\u00e9e avec des mat\u00e9riaux de premi\u00e8re qualit\u00e9 et est probablement la meilleure raquette du march\u00e9 \u00e0 son niveau. Le cadre de ce mod\u00e8le est fait d&#8217;un tubulaire en fibre de verre avec un renfort en carbone dans les ponts, ce qui nous donnera une grande coh\u00e9rence dans les coups afin d&#8217;obtenir un jeu de bien meilleure qualit\u00e9. Les plans sont cr\u00e9\u00e9s avec de la fibre de verre \u00e0 haute \u00e9lasticit\u00e9, ce qui permet une sortie incroyable de la balle. Le noyau de la raquette est fait de caoutchouc EVA NOIR, ce qui permet d&#8217;obtenir un toucher impressionnant, une m\u00e9moire des coups et un grand contr\u00f4le.<\/p>\n<p>L&#8217;esth\u00e9tique de l&#8217;ORVEN KUME V1 ROLLER repose sur un style inimitable, cachant sous ses couleurs et son design une griffe qui vous surprendra. Nous soignons tous les d\u00e9tails et c&#8217;est ce qui nous rend diff\u00e9rents.<\/p>\n","protected":false},"excerpt":{"rendered":"<p>La RAQUETTE ORVEN KUME V1 est cr\u00e9\u00e9e pour les joueurs qui ont plus de puissance mais sans sacrifier le contr\u00f4le de la balle, pour obtenir un coup spectaculaire. La raquette polyvalente par excellence. La raquette Orven KUME V1 est la petite s\u0153ur de la raquette KERALA V2. Avec des mat\u00e9riaux de haute qualit\u00e9, nous avons [&hellip;]<\/p>\n","protected":false},"featured_media":108672,"comment_status":"open","ping_status":"closed","template":"","meta":[],"product_cat":[84],"product_tag":[],"_links":{"self":[{"href":"https:\/\/www.sport4club.be\/index.php\/wp-json\/wp\/v2\/product\/108671"}],"collection":[{"href":"https:\/\/www.sport4club.be\/index.php\/wp-json\/wp\/v2\/product"}],"about":[{"href":"https:\/\/www.sport4club.be\/index.php\/wp-json\/wp\/v2\/types\/product"}],"replies":[{"embeddable":true,"href":"https:\/\/www.sport4club.be\/index.php\/wp-json\/wp\/v2\/comments?post=108671"}],"wp:featuredmedia":[{"embeddable":true,"href":"https:\/\/www.sport4club.be\/index.php\/wp-json\/wp\/v2\/media\/108672"}],"wp:attachment":[{"href":"https:\/\/www.sport4club.be\/index.php\/wp-json\/wp\/v2\/media?parent=108671"}],"wp:term":[{"taxonomy":"product_cat","embeddable":true,"href":"https:\/\/www.sport4club.be\/index.php\/wp-json\/wp\/v2\/product_cat?post=108671"},{"taxonomy":"product_tag","embeddable":true,"href":"https:\/\/www.sport4club.be\/index.php\/wp-json\/wp\/v2\/product_tag?post=108671"}],"curies":[{"name":"wp","href":"https:\/\/api.w.org\/{rel}","templated":true}]}}