{"id":108669,"date":"2022-02-17T09:20:07","date_gmt":"2022-02-17T08:20:07","guid":{"rendered":"https:\/\/www.sport4club.be\/?post_type=product&#038;p=108669"},"modified":"2025-08-27T13:55:18","modified_gmt":"2025-08-27T11:55:18","slug":"orven-vulcano-v2","status":"publish","type":"product","link":"https:\/\/www.sport4club.be\/index.php\/product\/orven-vulcano-v2\/","title":{"rendered":"Orven Vulcano V2"},"content":{"rendered":"<p>La raquette VULCANO V2 est la raquette phare d&#8217;Orven. Dans ce mod\u00e8le nous trouverons le cadre de la raquette fait de Kevlar et de Fibre de Verre, renfor\u00e7ant les ponts avec du Carbone. Les faces ont une double couche de carbone 6K et de fibre de verre \u00e0 haute \u00e9lasticit\u00e9, l&#8217;\u00e9quilibre \u00e9tant plus d\u00e9plac\u00e9 vers la pointe, ce qui fait que la puissance est sa principale caract\u00e9ristique. Toutes nos raquettes sont 100% fabriqu\u00e9es en Espagne.<\/p>\n<p>Avec l&#8217;esth\u00e9tique de la raquette ORVEN VULCANO V2, nous avons voulu capturer son agressivit\u00e9. Noir pour la puissance et or pour l&#8217;excellence. Elle ne vous laissera certainement pas indiff\u00e9rent. Son agressivit\u00e9 et son \u00e9l\u00e9gance ne passeront pas inaper\u00e7ues.<\/p>\n","protected":false},"excerpt":{"rendered":"<p>La raquette VULCANO V2 est la raquette phare d&#8217;Orven. Dans ce mod\u00e8le nous trouverons le cadre de la raquette fait de Kevlar et de Fibre de Verre, renfor\u00e7ant les ponts avec du Carbone. Les faces ont une double couche de carbone 6K et de fibre de verre \u00e0 haute \u00e9lasticit\u00e9, l&#8217;\u00e9quilibre \u00e9tant plus d\u00e9plac\u00e9 vers [&hellip;]<\/p>\n","protected":false},"featured_media":108670,"comment_status":"open","ping_status":"closed","template":"","meta":[],"product_cat":[84],"product_tag":[],"_links":{"self":[{"href":"https:\/\/www.sport4club.be\/index.php\/wp-json\/wp\/v2\/product\/108669"}],"collection":[{"href":"https:\/\/www.sport4club.be\/index.php\/wp-json\/wp\/v2\/product"}],"about":[{"href":"https:\/\/www.sport4club.be\/index.php\/wp-json\/wp\/v2\/types\/product"}],"replies":[{"embeddable":true,"href":"https:\/\/www.sport4club.be\/index.php\/wp-json\/wp\/v2\/comments?post=108669"}],"wp:featuredmedia":[{"embeddable":true,"href":"https:\/\/www.sport4club.be\/index.php\/wp-json\/wp\/v2\/media\/108670"}],"wp:attachment":[{"href":"https:\/\/www.sport4club.be\/index.php\/wp-json\/wp\/v2\/media?parent=108669"}],"wp:term":[{"taxonomy":"product_cat","embeddable":true,"href":"https:\/\/www.sport4club.be\/index.php\/wp-json\/wp\/v2\/product_cat?post=108669"},{"taxonomy":"product_tag","embeddable":true,"href":"https:\/\/www.sport4club.be\/index.php\/wp-json\/wp\/v2\/product_tag?post=108669"}],"curies":[{"name":"wp","href":"https:\/\/api.w.org\/{rel}","templated":true}]}}