{"id":108448,"date":"2022-02-08T10:16:45","date_gmt":"2022-02-08T09:16:45","guid":{"rendered":"https:\/\/www.sport4club.be\/?post_type=product&#038;p=108448"},"modified":"2025-10-02T11:26:24","modified_gmt":"2025-10-02T09:26:24","slug":"nox-pro-smarstrap-2-colors","status":"publish","type":"product","link":"https:\/\/www.sport4club.be\/index.php\/product\/nox-pro-smarstrap-2-colors\/","title":{"rendered":"Nox Smartstrap PRO 2 Colors"},"content":{"rendered":"<div id=\"tw-container\" class=\"\" data-cp=\"1\" data-is-ver=\"false\" data-nnttsvi=\"1\" data-sm=\"1\" data-sugg-time=\"500\" data-sugg-url=\"https:\/\/clients1.google.com\/complete\/search\" data-uilc=\"fr\">\n<div>\n<div>\n<div id=\"tw-ob\" class=\"tw-src-ltr\">\n<div class=\"oSioSc\">\n<div id=\"tw-target\">\n<div id=\"kAz1tf\" class=\"g9WsWb\">\n<div tabindex=\"0\">Pack de 2 smartstrap rouge + noir<\/div>\n<div tabindex=\"0\"><\/div>\n<div id=\"tw-target-text-container\" class=\"tw-ta-container F0azHf tw-nfl\" tabindex=\"0\"><span class=\"Y2IQFc\" lang=\"fr\">Am\u00e9liorez l&#8217;hygi\u00e8ne et la s\u00e9curit\u00e9 de votre raquette de padel Nox 2022 en rempla\u00e7ant facilement le cordon de s\u00e9curit\u00e9 sans perdre la garantie en n&#8217;ayant pas \u00e0 manipuler le capuchon inf\u00e9rieur. <\/span><\/div>\n<div tabindex=\"0\"><\/div>\n<div class=\"tw-ta-container F0azHf tw-nfl\" tabindex=\"0\"><span class=\"Y2IQFc\" lang=\"fr\">Plus d&#8217;options de personnalisation \u00e0 port\u00e9e de main ! <\/span><\/div>\n<div tabindex=\"0\"><\/div>\n<div class=\"tw-ta-container F0azHf tw-nfl\" tabindex=\"0\"><span class=\"Y2IQFc\" lang=\"fr\">Accessoire de padel compatible avec n&#8217;importe quelle raquette de padel.<\/span><\/div>\n<div id=\"tw-target-rmn-container\" class=\"tw-target-rmn tw-ta-container F0azHf tw-nfl\"><\/div>\n<div class=\"iYB33c\">\n<div class=\"dlJLJe\">\n<div data-cviv=\"false\" data-ved=\"2ahUKEwjr_Z6k3-_1AhUNPOwKHVEXBucQz_AEegQIAhAP\">\n<div class=\"U9URNb\"><img decoding=\"async\" id=\"dimg_3\" class=\"rISBZc zr758c M4dUYb\" src=\"data:image\/png;base64,iVBORw0KGgoAAAANSUhEUgAAABQAAAAUCAQAAAAngNWGAAAA\/0lEQVR4AYXNMSiEcRyA4cfmGHQbCZIipkuxnJgMStlMNmeyD2dwmc8+sZgxYJd9ErIZFHUyYYD7fkr6l4\/rnvmtl7+KitrqV\/fq2Y5eLY3Z9S48eRLe7BmVZ9qhTLhQ0algzZWQOVKSsCF8OjAnwbxDTWFDUhPK\/jMr1H6HE\/IqRky2DyvCefuwItwZzodVoYRiLqMkVCXrwpJ9twZ+sgfDYEFYl8wIWxZ9uFf7zkallxlJh4YrLGsKjZRx7VGHhLqwgFUN45DGdb8MeXGpgB4ABZdeDcpZEY51A+hyLKz4S1W4MQWm3AibWtgWmk6dyISa1pSdyWTOlLXVp0+eL9D\/ZPfBTNanAAAAAElFTkSuQmCC\" alt=\"Ic\u00f4ne de validation par la communaut\u00e9\" width=\"16\" height=\"16\" data-atf=\"0\" data-frt=\"0\" \/><\/div>\n<\/div>\n<\/div>\n<div id=\"tw-tmenu\" class=\"tw-menu\"><\/div>\n<\/div>\n<\/div>\n<\/div>\n<\/div>\n<\/div>\n<div id=\"tw-images\"><\/div>\n<div class=\"dURPtb\"><\/div>\n<div>\n<div><\/div>\n<\/div>\n<\/div>\n<\/div>\n<\/div>\n<pre class=\"KFFQ0c xKf9F\"><\/pre>\n","protected":false},"excerpt":{"rendered":"<p>Pack de 2 smartstrap rouge + noir Am\u00e9liorez l&#8217;hygi\u00e8ne et la s\u00e9curit\u00e9 de votre raquette de padel Nox 2022 en rempla\u00e7ant facilement le cordon de s\u00e9curit\u00e9 sans perdre la garantie en n&#8217;ayant pas \u00e0 manipuler le capuchon inf\u00e9rieur. Plus d&#8217;options de personnalisation \u00e0 port\u00e9e de main ! Accessoire de padel compatible avec n&#8217;importe quelle raquette [&hellip;]<\/p>\n","protected":false},"featured_media":108449,"comment_status":"open","ping_status":"closed","template":"","meta":[],"product_cat":[87],"product_tag":[],"_links":{"self":[{"href":"https:\/\/www.sport4club.be\/index.php\/wp-json\/wp\/v2\/product\/108448"}],"collection":[{"href":"https:\/\/www.sport4club.be\/index.php\/wp-json\/wp\/v2\/product"}],"about":[{"href":"https:\/\/www.sport4club.be\/index.php\/wp-json\/wp\/v2\/types\/product"}],"replies":[{"embeddable":true,"href":"https:\/\/www.sport4club.be\/index.php\/wp-json\/wp\/v2\/comments?post=108448"}],"wp:featuredmedia":[{"embeddable":true,"href":"https:\/\/www.sport4club.be\/index.php\/wp-json\/wp\/v2\/media\/108449"}],"wp:attachment":[{"href":"https:\/\/www.sport4club.be\/index.php\/wp-json\/wp\/v2\/media?parent=108448"}],"wp:term":[{"taxonomy":"product_cat","embeddable":true,"href":"https:\/\/www.sport4club.be\/index.php\/wp-json\/wp\/v2\/product_cat?post=108448"},{"taxonomy":"product_tag","embeddable":true,"href":"https:\/\/www.sport4club.be\/index.php\/wp-json\/wp\/v2\/product_tag?post=108448"}],"curies":[{"name":"wp","href":"https:\/\/api.w.org\/{rel}","templated":true}]}}