{"id":108440,"date":"2022-02-08T10:02:35","date_gmt":"2022-02-08T09:02:35","guid":{"rendered":"https:\/\/www.sport4club.be\/?post_type=product&#038;p=108440"},"modified":"2025-08-29T11:21:39","modified_gmt":"2025-08-29T09:21:39","slug":"nox-luxury-smartstrap","status":"publish","type":"product","link":"https:\/\/www.sport4club.be\/index.php\/product\/nox-luxury-smartstrap\/","title":{"rendered":"Nox Smartstrap Luxury"},"content":{"rendered":"<div id=\"tw-container\" class=\"\" data-cp=\"1\" data-is-ver=\"false\" data-nnttsvi=\"1\" data-sm=\"1\" data-sugg-time=\"500\" data-sugg-url=\"https:\/\/clients1.google.com\/complete\/search\" data-uilc=\"fr\">\n<div id=\"tw-ob\" class=\"tw-src-ltr\">\n<div class=\"oSioSc\">\n<div id=\"tw-target\">\n<div id=\"kAz1tf\" class=\"g9WsWb\">\n<div id=\"tw-target-text-container\" class=\"tw-ta-container F0azHf tw-nfl\" tabindex=\"0\"><em><span class=\"Y2IQFc\" lang=\"fr\">Am\u00e9liorez l&#8217;hygi\u00e8ne et la s\u00e9curit\u00e9 de votre raquette de padel Nox en rempla\u00e7ant facilement le cordon de s\u00e9curit\u00e9 sans perdre la garantie en n&#8217;ayant pas \u00e0 manipuler le capuchon inf\u00e9rieur.<\/span><\/em><\/div>\n<div tabindex=\"0\"><\/div>\n<div class=\"tw-ta-container F0azHf tw-nfl\" tabindex=\"0\"><em><span class=\"Y2IQFc\" lang=\"fr\">Plus d&#8217;options de personnalisation \u00e0 port\u00e9e de main !<\/span><\/em><\/div>\n<div tabindex=\"0\"><\/div>\n<div class=\"tw-ta-container F0azHf tw-nfl\" tabindex=\"0\"><em><span class=\"Y2IQFc\" lang=\"fr\">Accessoire de padel compatible avec n&#8217;importe quelle raquette de padel.<\/span><\/em><\/div>\n<\/div>\n<\/div>\n<\/div>\n<div tabindex=\"0\">\n<p>Nouveau syst\u00e8me de cordon de s\u00e9curit\u00e9 rempla\u00e7able\u00a0\u00a0Nox Padel Smartstrap\u00ae .<\/p>\n<p><iframe loading=\"lazy\" title=\"Lecteur vid\u00e9o YouTube\" src=\"https:\/\/www.youtube.com\/embed\/Rh2U-YpNAkA\" width=\"560\" height=\"315\" frameborder=\"0\" allowfullscreen=\"allowfullscreen\"><\/iframe><\/p>\n<\/div>\n<div class=\"oSioSc\">\n<div id=\"tw-target\">\n<div id=\"kAz1tf\" class=\"g9WsWb\">\n<div class=\"iYB33c\">\n<div id=\"tw-tmenu\" class=\"tw-menu\"><\/div>\n<\/div>\n<\/div>\n<\/div>\n<\/div>\n<\/div>\n<div id=\"tw-images\"><\/div>\n<div class=\"dURPtb\"><\/div>\n<div>\n<div><\/div>\n<\/div>\n<\/div>\n<div class=\"KFFQ0c xKf9F\"><\/div>\n","protected":false},"excerpt":{"rendered":"<p>Am\u00e9liorez l&#8217;hygi\u00e8ne et la s\u00e9curit\u00e9 de votre raquette de padel Nox en rempla\u00e7ant facilement le cordon de s\u00e9curit\u00e9 sans perdre la garantie en n&#8217;ayant pas \u00e0 manipuler le capuchon inf\u00e9rieur. Plus d&#8217;options de personnalisation \u00e0 port\u00e9e de main ! Accessoire de padel compatible avec n&#8217;importe quelle raquette de padel. Nouveau syst\u00e8me de cordon de s\u00e9curit\u00e9 [&hellip;]<\/p>\n","protected":false},"featured_media":108441,"comment_status":"open","ping_status":"closed","template":"","meta":[],"product_cat":[87],"product_tag":[],"_links":{"self":[{"href":"https:\/\/www.sport4club.be\/index.php\/wp-json\/wp\/v2\/product\/108440"}],"collection":[{"href":"https:\/\/www.sport4club.be\/index.php\/wp-json\/wp\/v2\/product"}],"about":[{"href":"https:\/\/www.sport4club.be\/index.php\/wp-json\/wp\/v2\/types\/product"}],"replies":[{"embeddable":true,"href":"https:\/\/www.sport4club.be\/index.php\/wp-json\/wp\/v2\/comments?post=108440"}],"wp:featuredmedia":[{"embeddable":true,"href":"https:\/\/www.sport4club.be\/index.php\/wp-json\/wp\/v2\/media\/108441"}],"wp:attachment":[{"href":"https:\/\/www.sport4club.be\/index.php\/wp-json\/wp\/v2\/media?parent=108440"}],"wp:term":[{"taxonomy":"product_cat","embeddable":true,"href":"https:\/\/www.sport4club.be\/index.php\/wp-json\/wp\/v2\/product_cat?post=108440"},{"taxonomy":"product_tag","embeddable":true,"href":"https:\/\/www.sport4club.be\/index.php\/wp-json\/wp\/v2\/product_tag?post=108440"}],"curies":[{"name":"wp","href":"https:\/\/api.w.org\/{rel}","templated":true}]}}