{"id":108410,"date":"2022-02-06T15:40:10","date_gmt":"2022-02-06T14:40:10","guid":{"rendered":"https:\/\/www.sport4club.be\/?post_type=product&#038;p=108410"},"modified":"2023-07-28T10:34:06","modified_gmt":"2023-07-28T08:34:06","slug":"black-crown-piton-attack-12k","status":"publish","type":"product","link":"https:\/\/www.sport4club.be\/index.php\/product\/black-crown-piton-attack-12k\/","title":{"rendered":"Black Crown Piton Attack 12K+"},"content":{"rendered":"<p>Avec sa forme en\u00a0<strong>goutte d&#8217;eau<\/strong>, la Piton Attack 12k+ est con\u00e7ue pour les joueurs d&#8217;attaque en recherche de puissance sous contr\u00f4le. Elle est compos\u00e9e d&#8217;un tube 100% en fibre de carbone afin d&#8217;am\u00e9liorer sa r\u00e9sistance. Sa mousse en\u00a0<strong>EVA Super Soft<\/strong>\u00a0permet d&#8217;obtenir un sweetspot plus large et pardonne donc plus facilement les erreurs de centrage.<\/p>\n<p>Sa surface 12k procurent plus de puissance facilement mais \u00e9galement un contr\u00f4le optimal pour un bon rendement entre puissance et contr\u00f4le.<\/p>\n<p>Cette raquette de padel est une arme \u00e0 conseiller aux joueurs confirm\u00e9s \u00e0 expert en recherche d&#8217;une raquette maniable qui offre puissance sous contr\u00f4le. Sa bonne maniabilit\u00e9 vous permettra de vous sentir \u00e0 l&#8217;aise aussi bien en fond de court qu&#8217;au filet.<\/p>\n<ul>\n<li>Forme diamant avec \u00e9quilibre moyen.<\/li>\n<li>Profil de 38mm.<\/li>\n<li>Noyau interne en mousse EVA Super Soft.<\/li>\n<li>Surface 12k pour une meilleure puissance.<\/li>\n<\/ul>\n","protected":false},"excerpt":{"rendered":"<p>Avec sa forme en\u00a0goutte d&#8217;eau, la Piton Attack 12k+ est con\u00e7ue pour les joueurs d&#8217;attaque en recherche de puissance sous contr\u00f4le. Elle est compos\u00e9e d&#8217;un tube 100% en fibre de carbone afin d&#8217;am\u00e9liorer sa r\u00e9sistance. Sa mousse en\u00a0EVA Super Soft\u00a0permet d&#8217;obtenir un sweetspot plus large et pardonne donc plus facilement les erreurs de centrage. Sa [&hellip;]<\/p>\n","protected":false},"featured_media":108411,"comment_status":"open","ping_status":"closed","template":"","meta":[],"product_cat":[786,84],"product_tag":[],"_links":{"self":[{"href":"https:\/\/www.sport4club.be\/index.php\/wp-json\/wp\/v2\/product\/108410"}],"collection":[{"href":"https:\/\/www.sport4club.be\/index.php\/wp-json\/wp\/v2\/product"}],"about":[{"href":"https:\/\/www.sport4club.be\/index.php\/wp-json\/wp\/v2\/types\/product"}],"replies":[{"embeddable":true,"href":"https:\/\/www.sport4club.be\/index.php\/wp-json\/wp\/v2\/comments?post=108410"}],"wp:featuredmedia":[{"embeddable":true,"href":"https:\/\/www.sport4club.be\/index.php\/wp-json\/wp\/v2\/media\/108411"}],"wp:attachment":[{"href":"https:\/\/www.sport4club.be\/index.php\/wp-json\/wp\/v2\/media?parent=108410"}],"wp:term":[{"taxonomy":"product_cat","embeddable":true,"href":"https:\/\/www.sport4club.be\/index.php\/wp-json\/wp\/v2\/product_cat?post=108410"},{"taxonomy":"product_tag","embeddable":true,"href":"https:\/\/www.sport4club.be\/index.php\/wp-json\/wp\/v2\/product_tag?post=108410"}],"curies":[{"name":"wp","href":"https:\/\/api.w.org\/{rel}","templated":true}]}}