{"id":108343,"date":"2022-01-23T17:27:57","date_gmt":"2022-01-23T16:27:57","guid":{"rendered":"https:\/\/www.sport4club.be\/?post_type=product&#038;p=108343"},"modified":"2024-02-01T10:12:02","modified_gmt":"2024-02-01T09:12:02","slug":"head-graphene-360-instinct-mp-300gr","status":"publish","type":"product","link":"https:\/\/www.sport4club.be\/index.php\/product\/head-graphene-360-instinct-mp-300gr\/","title":{"rendered":"Head Instinct MP (300gr)"},"content":{"rendered":"<p><em>La raquette<strong>\u00a0Head Instinct MP<\/strong>\u00a0dispose dor\u00e9navant du Graphene 360+ afin d&#8217;apporter plus de stabilit\u00e9 et de transfert d&#8217;\u00e9nergie.<\/em><\/p>\n<p><em>Cette raquette s&#8217;adresse aux joueurs de fond de court qui aiment jouer des coups tout en puissance. De plus elle s&#8217;adapte aussi parfaitement aux contreurs capables de gagner le point sur un coup de raquette.<\/em><\/p>\n","protected":false},"excerpt":{"rendered":"<p>La raquette\u00a0Head Instinct MP\u00a0dispose dor\u00e9navant du Graphene 360+ afin d&#8217;apporter plus de stabilit\u00e9 et de transfert d&#8217;\u00e9nergie. Cette raquette s&#8217;adresse aux joueurs de fond de court qui aiment jouer des coups tout en puissance. De plus elle s&#8217;adapte aussi parfaitement aux contreurs capables de gagner le point sur un coup de raquette.<\/p>\n","protected":false},"featured_media":108344,"comment_status":"open","ping_status":"closed","template":"","meta":[],"product_cat":[145,786],"product_tag":[],"_links":{"self":[{"href":"https:\/\/www.sport4club.be\/index.php\/wp-json\/wp\/v2\/product\/108343"}],"collection":[{"href":"https:\/\/www.sport4club.be\/index.php\/wp-json\/wp\/v2\/product"}],"about":[{"href":"https:\/\/www.sport4club.be\/index.php\/wp-json\/wp\/v2\/types\/product"}],"replies":[{"embeddable":true,"href":"https:\/\/www.sport4club.be\/index.php\/wp-json\/wp\/v2\/comments?post=108343"}],"wp:featuredmedia":[{"embeddable":true,"href":"https:\/\/www.sport4club.be\/index.php\/wp-json\/wp\/v2\/media\/108344"}],"wp:attachment":[{"href":"https:\/\/www.sport4club.be\/index.php\/wp-json\/wp\/v2\/media?parent=108343"}],"wp:term":[{"taxonomy":"product_cat","embeddable":true,"href":"https:\/\/www.sport4club.be\/index.php\/wp-json\/wp\/v2\/product_cat?post=108343"},{"taxonomy":"product_tag","embeddable":true,"href":"https:\/\/www.sport4club.be\/index.php\/wp-json\/wp\/v2\/product_tag?post=108343"}],"curies":[{"name":"wp","href":"https:\/\/api.w.org\/{rel}","templated":true}]}}