{"id":108330,"date":"2022-01-23T16:35:58","date_gmt":"2022-01-23T15:35:58","guid":{"rendered":"https:\/\/www.sport4club.be\/?post_type=product&#038;p=108330"},"modified":"2022-07-26T12:42:49","modified_gmt":"2022-07-26T10:42:49","slug":"head-graphene-360-extreme-mp-nite-300gr","status":"publish","type":"product","link":"https:\/\/www.sport4club.be\/index.php\/product\/head-graphene-360-extreme-mp-nite-300gr\/","title":{"rendered":"Head Graphene 360+ Extreme MP Nite (300gr)"},"content":{"rendered":"<p><em>La Extreme MP a pass\u00e9 un cap avec la version Graphene 360 et nul doute qu&#8217;il en sera de m\u00eame avec cette nouvelle\u00a0<strong>Head Extreme Graphene 360+ MP<\/strong>\u00a0!<\/em><\/p>\n<p><em>Cosm\u00e9tique en \u00e9dition limit\u00e9e et technologie de pointe au service de la prise d&#8217;effet et de la puissance !<\/em><\/p>\n<p><em>En effet la nouvelle\u00a0<strong>Extreme MP<\/strong>\u00a0incorpore la technologie Graphene 360+ : en plus du Graphene pr\u00e9sent autour du cadre, des fibres torsad\u00e9es font leur apparition dans le bas de celui-ci pour offrir une meilleure r\u00e9ponse et une plus grande flexibilit\u00e9. Les sensations sont plus nettes et le confort est toujours au rendez-vous !<\/em><\/p>\n<p><em><strong>Head<\/strong>\u00a0a \u00e9galement fait \u00e9voluer les joncs de la gamme\u00a0<strong>Extreme<\/strong>. Ils permettent un mouvement plus libre des cordes et un effet trampoline plus important lors de l\u2019impact de la balle pour plus de puissance.<\/em><\/p>\n<p><em>La gamme Extreme est recommand\u00e9e par le joueur italien\u00a0<strong>Matteo Berrettini<\/strong>.<\/em><\/p>\n","protected":false},"excerpt":{"rendered":"<p>La Extreme MP a pass\u00e9 un cap avec la version Graphene 360 et nul doute qu&#8217;il en sera de m\u00eame avec cette nouvelle\u00a0Head Extreme Graphene 360+ MP\u00a0! Cosm\u00e9tique en \u00e9dition limit\u00e9e et technologie de pointe au service de la prise d&#8217;effet et de la puissance ! En effet la nouvelle\u00a0Extreme MP\u00a0incorpore la technologie Graphene 360+ [&hellip;]<\/p>\n","protected":false},"featured_media":108331,"comment_status":"open","ping_status":"closed","template":"","meta":[],"product_cat":[145,786],"product_tag":[],"_links":{"self":[{"href":"https:\/\/www.sport4club.be\/index.php\/wp-json\/wp\/v2\/product\/108330"}],"collection":[{"href":"https:\/\/www.sport4club.be\/index.php\/wp-json\/wp\/v2\/product"}],"about":[{"href":"https:\/\/www.sport4club.be\/index.php\/wp-json\/wp\/v2\/types\/product"}],"replies":[{"embeddable":true,"href":"https:\/\/www.sport4club.be\/index.php\/wp-json\/wp\/v2\/comments?post=108330"}],"wp:featuredmedia":[{"embeddable":true,"href":"https:\/\/www.sport4club.be\/index.php\/wp-json\/wp\/v2\/media\/108331"}],"wp:attachment":[{"href":"https:\/\/www.sport4club.be\/index.php\/wp-json\/wp\/v2\/media?parent=108330"}],"wp:term":[{"taxonomy":"product_cat","embeddable":true,"href":"https:\/\/www.sport4club.be\/index.php\/wp-json\/wp\/v2\/product_cat?post=108330"},{"taxonomy":"product_tag","embeddable":true,"href":"https:\/\/www.sport4club.be\/index.php\/wp-json\/wp\/v2\/product_tag?post=108330"}],"curies":[{"name":"wp","href":"https:\/\/api.w.org\/{rel}","templated":true}]}}