{"id":108317,"date":"2022-01-23T16:10:00","date_gmt":"2022-01-23T15:10:00","guid":{"rendered":"https:\/\/www.sport4club.be\/?post_type=product&#038;p=108317"},"modified":"2024-09-03T12:01:37","modified_gmt":"2024-09-03T10:01:37","slug":"head-boom-pro-310gr","status":"publish","type":"product","link":"https:\/\/www.sport4club.be\/index.php\/product\/head-boom-pro-310gr\/","title":{"rendered":"Head Boom Pro 2024 (310gr)"},"content":{"rendered":"<p>La raquette Head Boom Pro 2024 a \u00e9t\u00e9 con\u00e7ue pour apporter une\u00a0puissance explosive\u00a0avec des\u00a0sensations exceptionnelles\u00a0gr\u00e2ce \u00e0 sa construction\u00a0Auxetic 2.0. Ce mod\u00e8le ne sacrifie pas le contr\u00f4le pour profiter du meilleur compromis entre puissance et contr\u00f4le.<\/p>\n<p>Ce mod\u00e8le dispose d&#8217;un poids de\u00a0310 grammes\u00a0coupl\u00e9 \u00e0 un plan de cordage 16&#215;19 pour optimiser puissance et tol\u00e9rance. Son tamis de\u00a0630 cm\u00b2\u00a0permettra d&#8217;am\u00e9liorer la\u00a0pr\u00e9cision.<\/p>\n<p>Cette Boom Pro est\u00a0tr\u00e8s confortable. La nouvelle\u00a0technologie Auxetic 2.0\u00a0joue son r\u00f4le afin de favoriser les sensations.<\/p>\n<p>Il s&#8217;agit donc d&#8217;une\u00a0raquette stable\u00a0capable d&#8217;acc\u00e9l\u00e9rer quand on lui rentre dedans et de r\u00e9compenser son joueur par d&#8217;excellentes sensations.<\/p>\n<p>Ce mod\u00e8le se destine \u00e0 des joueurs interm\u00e9diaires jusqu&#8217;\u00e0 expert en qu\u00eate du meilleur rapport puissance\/contr\u00f4le\/sensation. Elle est de plus tr\u00e8s accessible pour un tamis de 630cm\u00b2.<\/p>\n","protected":false},"excerpt":{"rendered":"<p>La raquette Head Boom Pro 2024 a \u00e9t\u00e9 con\u00e7ue pour apporter une\u00a0puissance explosive\u00a0avec des\u00a0sensations exceptionnelles\u00a0gr\u00e2ce \u00e0 sa construction\u00a0Auxetic 2.0. Ce mod\u00e8le ne sacrifie pas le contr\u00f4le pour profiter du meilleur compromis entre puissance et contr\u00f4le. Ce mod\u00e8le dispose d&#8217;un poids de\u00a0310 grammes\u00a0coupl\u00e9 \u00e0 un plan de cordage 16&#215;19 pour optimiser puissance et tol\u00e9rance. Son tamis [&hellip;]<\/p>\n","protected":false},"featured_media":113930,"comment_status":"open","ping_status":"closed","template":"","meta":[],"product_cat":[145,786],"product_tag":[],"_links":{"self":[{"href":"https:\/\/www.sport4club.be\/index.php\/wp-json\/wp\/v2\/product\/108317"}],"collection":[{"href":"https:\/\/www.sport4club.be\/index.php\/wp-json\/wp\/v2\/product"}],"about":[{"href":"https:\/\/www.sport4club.be\/index.php\/wp-json\/wp\/v2\/types\/product"}],"replies":[{"embeddable":true,"href":"https:\/\/www.sport4club.be\/index.php\/wp-json\/wp\/v2\/comments?post=108317"}],"wp:featuredmedia":[{"embeddable":true,"href":"https:\/\/www.sport4club.be\/index.php\/wp-json\/wp\/v2\/media\/113930"}],"wp:attachment":[{"href":"https:\/\/www.sport4club.be\/index.php\/wp-json\/wp\/v2\/media?parent=108317"}],"wp:term":[{"taxonomy":"product_cat","embeddable":true,"href":"https:\/\/www.sport4club.be\/index.php\/wp-json\/wp\/v2\/product_cat?post=108317"},{"taxonomy":"product_tag","embeddable":true,"href":"https:\/\/www.sport4club.be\/index.php\/wp-json\/wp\/v2\/product_tag?post=108317"}],"curies":[{"name":"wp","href":"https:\/\/api.w.org\/{rel}","templated":true}]}}