{"id":108273,"date":"2022-01-22T11:41:31","date_gmt":"2022-01-22T10:41:31","guid":{"rendered":"https:\/\/www.sport4club.be\/?post_type=product&#038;p=108273"},"modified":"2023-10-31T10:13:49","modified_gmt":"2023-10-31T09:13:49","slug":"black-crown-piton-9-0","status":"publish","type":"product","link":"https:\/\/www.sport4club.be\/index.php\/product\/black-crown-piton-9-0\/","title":{"rendered":"Black Crown Piton 9.0"},"content":{"rendered":"<p><span class=\"fontstyle0\">La\u00a0<strong>raquette Piton 9.0<\/strong>\u00a0est de forme ronde suivant le moule de la s\u00e9rie mythique et avec l&#8217;essence pure de\u00a0<strong>Piton<\/strong>\u00a0.<\/span><\/p>\n<p><span class=\"fontstyle0\">Con\u00e7u pour les joueurs techniques dans leurs coups qui veulent dominer le point.\u00a0Avec le nouveau Piton 9.0, vous serez le v\u00e9ritable ma\u00eetre du jeu.\u00a0Obtenez une puissance maximale sans perdre le contr\u00f4le lors de la d\u00e9fense.\u00a0Il combine des mat\u00e9riaux\u00a0<strong>en carbone 3k<\/strong>\u00a0et le nouveau caoutchouc\u00a0<strong>Black Eva super control<\/strong>\u00a0, un caoutchouc qui a une grande m\u00e9moire, avec un sweet spot tr\u00e8s large et aide \u00e0 mieux contr\u00f4ler la balle.<br \/>\n<\/span><\/p>\n<p><span class=\"fontstyle0\">C&#8217;est une raquette parfaite pour les joueurs de niveau avanc\u00e9 qui recherchent pr\u00e9cision et contr\u00f4le dans leurs coups.\u00a0Produit tr\u00e8s agile et maniable.<\/span><\/p>\n","protected":false},"excerpt":{"rendered":"<p>La\u00a0raquette Piton 9.0\u00a0est de forme ronde suivant le moule de la s\u00e9rie mythique et avec l&#8217;essence pure de\u00a0Piton\u00a0. Con\u00e7u pour les joueurs techniques dans leurs coups qui veulent dominer le point.\u00a0Avec le nouveau Piton 9.0, vous serez le v\u00e9ritable ma\u00eetre du jeu.\u00a0Obtenez une puissance maximale sans perdre le contr\u00f4le lors de la d\u00e9fense.\u00a0Il combine des [&hellip;]<\/p>\n","protected":false},"featured_media":108274,"comment_status":"open","ping_status":"closed","template":"","meta":[],"product_cat":[786,84],"product_tag":[],"_links":{"self":[{"href":"https:\/\/www.sport4club.be\/index.php\/wp-json\/wp\/v2\/product\/108273"}],"collection":[{"href":"https:\/\/www.sport4club.be\/index.php\/wp-json\/wp\/v2\/product"}],"about":[{"href":"https:\/\/www.sport4club.be\/index.php\/wp-json\/wp\/v2\/types\/product"}],"replies":[{"embeddable":true,"href":"https:\/\/www.sport4club.be\/index.php\/wp-json\/wp\/v2\/comments?post=108273"}],"wp:featuredmedia":[{"embeddable":true,"href":"https:\/\/www.sport4club.be\/index.php\/wp-json\/wp\/v2\/media\/108274"}],"wp:attachment":[{"href":"https:\/\/www.sport4club.be\/index.php\/wp-json\/wp\/v2\/media?parent=108273"}],"wp:term":[{"taxonomy":"product_cat","embeddable":true,"href":"https:\/\/www.sport4club.be\/index.php\/wp-json\/wp\/v2\/product_cat?post=108273"},{"taxonomy":"product_tag","embeddable":true,"href":"https:\/\/www.sport4club.be\/index.php\/wp-json\/wp\/v2\/product_tag?post=108273"}],"curies":[{"name":"wp","href":"https:\/\/api.w.org\/{rel}","templated":true}]}}