{"id":108263,"date":"2022-01-22T11:24:36","date_gmt":"2022-01-22T10:24:36","guid":{"rendered":"https:\/\/www.sport4club.be\/?post_type=product&#038;p=108263"},"modified":"2023-10-31T10:06:14","modified_gmt":"2023-10-31T09:06:14","slug":"black-crown-hurricane","status":"publish","type":"product","link":"https:\/\/www.sport4club.be\/index.php\/product\/black-crown-hurricane\/","title":{"rendered":"Black Crown Hurricane"},"content":{"rendered":"<p>Cette raquette est d\u00e9velopp\u00e9e en collaboration avec notre joueuse Marta Marrero, tant dans la forme que dans la composition de ses mat\u00e9riaux, en pensant aux besoins d&#8217;un joueur de niveau interm\u00e9diaire.<\/p>\n<p>Le mod\u00e8le Hurricane est de forme ronde pour les joueuses attaquantes comme Marta Marrero, mais en m\u00eame temps, gr\u00e2ce \u00e0 son caoutchouc souple, il est tr\u00e8s maniable et adaptable \u00e0 n&#8217;importe quel joueur.<\/p>\n<p>Le cadre est en fibre de carbone double tubulaire 80%\u00a0<strong>2TB AIR<\/strong>\u00a0qui implique une plus grande r\u00e9sistance aux chocs.\u00a0Fabriqu\u00e9 avec du caoutchouc de la plus haute qualit\u00e9 et de la m\u00e9moire\u00a0<strong>SC WHITE EVA<\/strong>\u00a0, recouvert de trois couches de\u00a0<strong>fibre de verre<\/strong>\u00a0renforc\u00e9e tr\u00e8s durable .\u00a0Ce caoutchouc aide \u00e0 cr\u00e9er un bon d\u00e9gagement de balle en position d\u00e9fensive, une combinaison con\u00e7ue pour rendre le sweet spot tr\u00e8s large, ce qui facilite la frappe depuis toutes les positions.<\/p>\n<p>C&#8217;est une raquette parfaite pour les joueurs qui aiment les raquettes souples qui recherchent un bon contr\u00f4le, mais qui ont besoin d&#8217;un peu de puissance.<\/p>\n","protected":false},"excerpt":{"rendered":"<p>Cette raquette est d\u00e9velopp\u00e9e en collaboration avec notre joueuse Marta Marrero, tant dans la forme que dans la composition de ses mat\u00e9riaux, en pensant aux besoins d&#8217;un joueur de niveau interm\u00e9diaire. Le mod\u00e8le Hurricane est de forme ronde pour les joueuses attaquantes comme Marta Marrero, mais en m\u00eame temps, gr\u00e2ce \u00e0 son caoutchouc souple, il [&hellip;]<\/p>\n","protected":false},"featured_media":108264,"comment_status":"open","ping_status":"closed","template":"","meta":[],"product_cat":[786,84],"product_tag":[],"_links":{"self":[{"href":"https:\/\/www.sport4club.be\/index.php\/wp-json\/wp\/v2\/product\/108263"}],"collection":[{"href":"https:\/\/www.sport4club.be\/index.php\/wp-json\/wp\/v2\/product"}],"about":[{"href":"https:\/\/www.sport4club.be\/index.php\/wp-json\/wp\/v2\/types\/product"}],"replies":[{"embeddable":true,"href":"https:\/\/www.sport4club.be\/index.php\/wp-json\/wp\/v2\/comments?post=108263"}],"wp:featuredmedia":[{"embeddable":true,"href":"https:\/\/www.sport4club.be\/index.php\/wp-json\/wp\/v2\/media\/108264"}],"wp:attachment":[{"href":"https:\/\/www.sport4club.be\/index.php\/wp-json\/wp\/v2\/media?parent=108263"}],"wp:term":[{"taxonomy":"product_cat","embeddable":true,"href":"https:\/\/www.sport4club.be\/index.php\/wp-json\/wp\/v2\/product_cat?post=108263"},{"taxonomy":"product_tag","embeddable":true,"href":"https:\/\/www.sport4club.be\/index.php\/wp-json\/wp\/v2\/product_tag?post=108263"}],"curies":[{"name":"wp","href":"https:\/\/api.w.org\/{rel}","templated":true}]}}