{"id":108174,"date":"2022-01-02T15:56:38","date_gmt":"2022-01-02T14:56:38","guid":{"rendered":"https:\/\/www.sport4club.be\/?post_type=product&#038;p=108174"},"modified":"2024-08-14T10:28:55","modified_gmt":"2024-08-14T08:28:55","slug":"wilson-pro-overgrip-white-x50pces","status":"publish","type":"product","link":"https:\/\/www.sport4club.be\/index.php\/product\/wilson-pro-overgrip-white-x50pces\/","title":{"rendered":"Wilson Overgrips Pro White x50pces"},"content":{"rendered":"<p><em>Ce grip utilis\u00e9 par de nombreux joueurs professionnels du tour est r\u00e9alis\u00e9 avec un feutre tr\u00e8s fin et extensible. Son confort et sa durabilit\u00e9 en font une r\u00e9f\u00e9rence pour de nombreux joueurs.<\/em><\/p>\n<ul>\n<li><em>Conditionn\u00e9 en lot de 50 surgrips.<\/em><\/li>\n<li><em>Coloris\u00a0<strong>blanc<\/strong>.<\/em><\/li>\n<\/ul>\n","protected":false},"excerpt":{"rendered":"<p>Ce grip utilis\u00e9 par de nombreux joueurs professionnels du tour est r\u00e9alis\u00e9 avec un feutre tr\u00e8s fin et extensible. Son confort et sa durabilit\u00e9 en font une r\u00e9f\u00e9rence pour de nombreux joueurs. Conditionn\u00e9 en lot de 50 surgrips. Coloris\u00a0blanc.<\/p>\n","protected":false},"featured_media":108175,"comment_status":"open","ping_status":"closed","template":"","meta":[],"product_cat":[120],"product_tag":[],"_links":{"self":[{"href":"https:\/\/www.sport4club.be\/index.php\/wp-json\/wp\/v2\/product\/108174"}],"collection":[{"href":"https:\/\/www.sport4club.be\/index.php\/wp-json\/wp\/v2\/product"}],"about":[{"href":"https:\/\/www.sport4club.be\/index.php\/wp-json\/wp\/v2\/types\/product"}],"replies":[{"embeddable":true,"href":"https:\/\/www.sport4club.be\/index.php\/wp-json\/wp\/v2\/comments?post=108174"}],"wp:featuredmedia":[{"embeddable":true,"href":"https:\/\/www.sport4club.be\/index.php\/wp-json\/wp\/v2\/media\/108175"}],"wp:attachment":[{"href":"https:\/\/www.sport4club.be\/index.php\/wp-json\/wp\/v2\/media?parent=108174"}],"wp:term":[{"taxonomy":"product_cat","embeddable":true,"href":"https:\/\/www.sport4club.be\/index.php\/wp-json\/wp\/v2\/product_cat?post=108174"},{"taxonomy":"product_tag","embeddable":true,"href":"https:\/\/www.sport4club.be\/index.php\/wp-json\/wp\/v2\/product_tag?post=108174"}],"curies":[{"name":"wp","href":"https:\/\/api.w.org\/{rel}","templated":true}]}}