{"id":108117,"date":"2022-01-02T12:40:00","date_gmt":"2022-01-02T11:40:00","guid":{"rendered":"https:\/\/www.sport4club.be\/?post_type=product&#038;p=108117"},"modified":"2022-01-02T12:45:13","modified_gmt":"2022-01-02T11:45:13","slug":"head-hydrosorb-comfort-white","status":"publish","type":"product","link":"https:\/\/www.sport4club.be\/index.php\/product\/head-hydrosorb-comfort-white\/","title":{"rendered":"Head Hydrosorb Grip Comfort"},"content":{"rendered":"<p><em>Le\u00a0<strong>Grip Head Hydrosorb Comfort<\/strong>\u00a0offre une tr\u00e8s haute adh\u00e9rence et confort maximal. La version Comfort poss\u00e8de un rembourrage retravaill\u00e9 pour un amorti au top. R\u00e9sistant, il assure une bonne absorption de la transpiration dans la dur\u00e9e.<\/em><\/p>\n<p><em>Le Grip Head Hydrosorb Comfort est un excellent choix de\u00a0<strong>grip de remplacement pour les joueurs \u00e0 la recherche du meilleur confort<\/strong>.<\/em><\/p>\n","protected":false},"excerpt":{"rendered":"<p>Le\u00a0Grip Head Hydrosorb Comfort\u00a0offre une tr\u00e8s haute adh\u00e9rence et confort maximal. La version Comfort poss\u00e8de un rembourrage retravaill\u00e9 pour un amorti au top. R\u00e9sistant, il assure une bonne absorption de la transpiration dans la dur\u00e9e. Le Grip Head Hydrosorb Comfort est un excellent choix de\u00a0grip de remplacement pour les joueurs \u00e0 la recherche du meilleur [&hellip;]<\/p>\n","protected":false},"featured_media":108118,"comment_status":"open","ping_status":"closed","template":"","meta":[],"product_cat":[120],"product_tag":[],"_links":{"self":[{"href":"https:\/\/www.sport4club.be\/index.php\/wp-json\/wp\/v2\/product\/108117"}],"collection":[{"href":"https:\/\/www.sport4club.be\/index.php\/wp-json\/wp\/v2\/product"}],"about":[{"href":"https:\/\/www.sport4club.be\/index.php\/wp-json\/wp\/v2\/types\/product"}],"replies":[{"embeddable":true,"href":"https:\/\/www.sport4club.be\/index.php\/wp-json\/wp\/v2\/comments?post=108117"}],"wp:featuredmedia":[{"embeddable":true,"href":"https:\/\/www.sport4club.be\/index.php\/wp-json\/wp\/v2\/media\/108118"}],"wp:attachment":[{"href":"https:\/\/www.sport4club.be\/index.php\/wp-json\/wp\/v2\/media?parent=108117"}],"wp:term":[{"taxonomy":"product_cat","embeddable":true,"href":"https:\/\/www.sport4club.be\/index.php\/wp-json\/wp\/v2\/product_cat?post=108117"},{"taxonomy":"product_tag","embeddable":true,"href":"https:\/\/www.sport4club.be\/index.php\/wp-json\/wp\/v2\/product_tag?post=108117"}],"curies":[{"name":"wp","href":"https:\/\/api.w.org\/{rel}","templated":true}]}}