{"id":108115,"date":"2022-01-02T12:36:44","date_gmt":"2022-01-02T11:36:44","guid":{"rendered":"https:\/\/www.sport4club.be\/?post_type=product&#038;p=108115"},"modified":"2022-01-02T12:48:12","modified_gmt":"2022-01-02T11:48:12","slug":"head-hydrosorb-grip-white","status":"publish","type":"product","link":"https:\/\/www.sport4club.be\/index.php\/product\/head-hydrosorb-grip-white\/","title":{"rendered":"Head Hydrosorb Grip"},"content":{"rendered":"<p><em>Le Grip Head Hydrosorb offre un excellent confort. Il est \u00e9quip\u00e9 du syst\u00e8me Twin-Channel pour fournir une excellente respirabilit\u00e9 et d&#8217;une surface \u00e9lastom\u00e8re poss\u00e9dant une grande adh\u00e9rence R\u00e9sistant, il assure une\u00a0<strong>excellente absorption de la transpiration\u00a0<\/strong>dans la dur\u00e9e.<\/em><\/p>\n","protected":false},"excerpt":{"rendered":"<p>Le Grip Head Hydrosorb offre un excellent confort. Il est \u00e9quip\u00e9 du syst\u00e8me Twin-Channel pour fournir une excellente respirabilit\u00e9 et d&#8217;une surface \u00e9lastom\u00e8re poss\u00e9dant une grande adh\u00e9rence R\u00e9sistant, il assure une\u00a0excellente absorption de la transpiration\u00a0dans la dur\u00e9e.<\/p>\n","protected":false},"featured_media":108116,"comment_status":"open","ping_status":"closed","template":"","meta":[],"product_cat":[120],"product_tag":[],"_links":{"self":[{"href":"https:\/\/www.sport4club.be\/index.php\/wp-json\/wp\/v2\/product\/108115"}],"collection":[{"href":"https:\/\/www.sport4club.be\/index.php\/wp-json\/wp\/v2\/product"}],"about":[{"href":"https:\/\/www.sport4club.be\/index.php\/wp-json\/wp\/v2\/types\/product"}],"replies":[{"embeddable":true,"href":"https:\/\/www.sport4club.be\/index.php\/wp-json\/wp\/v2\/comments?post=108115"}],"wp:featuredmedia":[{"embeddable":true,"href":"https:\/\/www.sport4club.be\/index.php\/wp-json\/wp\/v2\/media\/108116"}],"wp:attachment":[{"href":"https:\/\/www.sport4club.be\/index.php\/wp-json\/wp\/v2\/media?parent=108115"}],"wp:term":[{"taxonomy":"product_cat","embeddable":true,"href":"https:\/\/www.sport4club.be\/index.php\/wp-json\/wp\/v2\/product_cat?post=108115"},{"taxonomy":"product_tag","embeddable":true,"href":"https:\/\/www.sport4club.be\/index.php\/wp-json\/wp\/v2\/product_tag?post=108115"}],"curies":[{"name":"wp","href":"https:\/\/api.w.org\/{rel}","templated":true}]}}