{"id":108105,"date":"2021-12-31T11:49:53","date_gmt":"2021-12-31T10:49:53","guid":{"rendered":"https:\/\/www.sport4club.be\/?post_type=product&#038;p=108105"},"modified":"2025-09-04T09:00:49","modified_gmt":"2025-09-04T07:00:49","slug":"head-championship-18x4balles","status":"publish","type":"product","link":"https:\/\/www.sport4club.be\/index.php\/product\/head-championship-18x4balles\/","title":{"rendered":"Head Championship 18x4balles"},"content":{"rendered":"<p>Retrouvez la\u00a0<strong>balle Head Championship en carton<\/strong>\u00a0de 18 tubes de 4 balles.<\/p>\n<p>Agr\u00e9able et durable, la balle de tennis Head Championship est facile \u00e0 jouer. Elle conviendra aux joueurs de club, loisir ou d\u00e9butant, souhaitant une balle abordable qui s&#8217;adapte \u00e0 toutes les surfaces.<\/p>\n<p>Son\u00a0<strong>feutre \u00e9pais<\/strong>\u00a0lui garantit une tr\u00e8s bonne long\u00e9vit\u00e9.<\/p>\n","protected":false},"excerpt":{"rendered":"<p>Retrouvez la\u00a0balle Head Championship en carton\u00a0de 18 tubes de 4 balles. Agr\u00e9able et durable, la balle de tennis Head Championship est facile \u00e0 jouer. Elle conviendra aux joueurs de club, loisir ou d\u00e9butant, souhaitant une balle abordable qui s&#8217;adapte \u00e0 toutes les surfaces. Son\u00a0feutre \u00e9pais\u00a0lui garantit une tr\u00e8s bonne long\u00e9vit\u00e9.<\/p>\n","protected":false},"featured_media":113201,"comment_status":"open","ping_status":"closed","template":"","meta":[],"product_cat":[106],"product_tag":[],"_links":{"self":[{"href":"https:\/\/www.sport4club.be\/index.php\/wp-json\/wp\/v2\/product\/108105"}],"collection":[{"href":"https:\/\/www.sport4club.be\/index.php\/wp-json\/wp\/v2\/product"}],"about":[{"href":"https:\/\/www.sport4club.be\/index.php\/wp-json\/wp\/v2\/types\/product"}],"replies":[{"embeddable":true,"href":"https:\/\/www.sport4club.be\/index.php\/wp-json\/wp\/v2\/comments?post=108105"}],"wp:featuredmedia":[{"embeddable":true,"href":"https:\/\/www.sport4club.be\/index.php\/wp-json\/wp\/v2\/media\/113201"}],"wp:attachment":[{"href":"https:\/\/www.sport4club.be\/index.php\/wp-json\/wp\/v2\/media?parent=108105"}],"wp:term":[{"taxonomy":"product_cat","embeddable":true,"href":"https:\/\/www.sport4club.be\/index.php\/wp-json\/wp\/v2\/product_cat?post=108105"},{"taxonomy":"product_tag","embeddable":true,"href":"https:\/\/www.sport4club.be\/index.php\/wp-json\/wp\/v2\/product_tag?post=108105"}],"curies":[{"name":"wp","href":"https:\/\/api.w.org\/{rel}","templated":true}]}}