{"id":108101,"date":"2021-12-31T11:41:51","date_gmt":"2021-12-31T10:41:51","guid":{"rendered":"https:\/\/www.sport4club.be\/?post_type=product&#038;p=108101"},"modified":"2025-09-04T08:55:26","modified_gmt":"2025-09-04T06:55:26","slug":"head-pro-18x4balles","status":"publish","type":"product","link":"https:\/\/www.sport4club.be\/index.php\/product\/head-pro-18x4balles\/","title":{"rendered":"Head Pro 18x4balles"},"content":{"rendered":"<p>Retrouvez la balle de tennis\u00a0Head Pro en\u00a0<strong>carton de 18 tubes<\/strong>\u00a0contenant chacun\u00a0<strong>4 balles<\/strong>.<\/p>\n<p>La nouvelle balle\u00a0<strong>Pro Head\u00a0<\/strong>est une balle performante pour un jeu polyvalente. Elle offre des caract\u00e9ristiques de jeu am\u00e9lior\u00e9es et une bonne vivacit\u00e9.<\/p>\n<p>Pour faciliter son utilisation et \u00e9viter de le perdre, le\u00a0<strong>couvercle<\/strong>\u00a0est directement int\u00e9gr\u00e9 au\u00a0<strong>tube<\/strong>.<\/p>\n<h3>TECHNOLOGIES DES BALLES HEAD PRO<\/h3>\n<p>Les nouvelles balles\u00a0<strong>Pro Head<\/strong>\u00a0disposent de caract\u00e9ristiques de jeu am\u00e9lior\u00e9es et incorporent aussi plusieurs\u00a0<strong>technologies\u00a0<\/strong>:<\/p>\n<ul>\n<li>La technologie Encore leur permettent de gagner en long\u00e9vit\u00e9 ;<\/li>\n<li>La technologie SmartOptik afin de permettre une meilleure visibilit\u00e9 des balles.<\/li>\n<\/ul>\n","protected":false},"excerpt":{"rendered":"<p>Retrouvez la balle de tennis\u00a0Head Pro en\u00a0carton de 18 tubes\u00a0contenant chacun\u00a04 balles. La nouvelle balle\u00a0Pro Head\u00a0est une balle performante pour un jeu polyvalente. Elle offre des caract\u00e9ristiques de jeu am\u00e9lior\u00e9es et une bonne vivacit\u00e9. Pour faciliter son utilisation et \u00e9viter de le perdre, le\u00a0couvercle\u00a0est directement int\u00e9gr\u00e9 au\u00a0tube. TECHNOLOGIES DES BALLES HEAD PRO Les nouvelles balles\u00a0Pro [&hellip;]<\/p>\n","protected":false},"featured_media":113198,"comment_status":"open","ping_status":"closed","template":"","meta":[],"product_cat":[106],"product_tag":[],"_links":{"self":[{"href":"https:\/\/www.sport4club.be\/index.php\/wp-json\/wp\/v2\/product\/108101"}],"collection":[{"href":"https:\/\/www.sport4club.be\/index.php\/wp-json\/wp\/v2\/product"}],"about":[{"href":"https:\/\/www.sport4club.be\/index.php\/wp-json\/wp\/v2\/types\/product"}],"replies":[{"embeddable":true,"href":"https:\/\/www.sport4club.be\/index.php\/wp-json\/wp\/v2\/comments?post=108101"}],"wp:featuredmedia":[{"embeddable":true,"href":"https:\/\/www.sport4club.be\/index.php\/wp-json\/wp\/v2\/media\/113198"}],"wp:attachment":[{"href":"https:\/\/www.sport4club.be\/index.php\/wp-json\/wp\/v2\/media?parent=108101"}],"wp:term":[{"taxonomy":"product_cat","embeddable":true,"href":"https:\/\/www.sport4club.be\/index.php\/wp-json\/wp\/v2\/product_cat?post=108101"},{"taxonomy":"product_tag","embeddable":true,"href":"https:\/\/www.sport4club.be\/index.php\/wp-json\/wp\/v2\/product_tag?post=108101"}],"curies":[{"name":"wp","href":"https:\/\/api.w.org\/{rel}","templated":true}]}}