{"id":107958,"date":"2021-12-22T10:11:16","date_gmt":"2021-12-22T09:11:16","guid":{"rendered":"https:\/\/www.sport4club.be\/?post_type=product&#038;p=107958"},"modified":"2026-04-27T10:51:06","modified_gmt":"2026-04-27T08:51:06","slug":"head-balles-padel-pro-s-x3","status":"publish","type":"product","link":"https:\/\/www.sport4club.be\/index.php\/product\/head-balles-padel-pro-s-x3\/","title":{"rendered":"head Padel Pro S x3balles"},"content":{"rendered":"<p><em>La balle Head Padel Pro S est d\u00e9riv\u00e9e de la balle de padel Head Pro, le mod\u00e8le\u00a0officiel du World Padel Tour, mais aussi de la F\u00e9d\u00e9ration espagnole de padel, de la F\u00e9d\u00e9ration portugaise de Padel et de 12 f\u00e9d\u00e9rations autonomes.<\/em><\/p>\n<p><em>Cette version\u00a0S\u00a0procure une vivacit\u00e9 accrue qui conviendra parfaitement pour un jeu plus rapide ou des conditions de jeu en altitude.<\/em><\/p>\n","protected":false},"excerpt":{"rendered":"<p>La balle Head Padel Pro S est d\u00e9riv\u00e9e de la balle de padel Head Pro, le mod\u00e8le\u00a0officiel du World Padel Tour, mais aussi de la F\u00e9d\u00e9ration espagnole de padel, de la F\u00e9d\u00e9ration portugaise de Padel et de 12 f\u00e9d\u00e9rations autonomes. Cette version\u00a0S\u00a0procure une vivacit\u00e9 accrue qui conviendra parfaitement pour un jeu plus rapide ou des [&hellip;]<\/p>\n","protected":false},"featured_media":107959,"comment_status":"open","ping_status":"closed","template":"","meta":[],"product_cat":[88,786],"product_tag":[],"_links":{"self":[{"href":"https:\/\/www.sport4club.be\/index.php\/wp-json\/wp\/v2\/product\/107958"}],"collection":[{"href":"https:\/\/www.sport4club.be\/index.php\/wp-json\/wp\/v2\/product"}],"about":[{"href":"https:\/\/www.sport4club.be\/index.php\/wp-json\/wp\/v2\/types\/product"}],"replies":[{"embeddable":true,"href":"https:\/\/www.sport4club.be\/index.php\/wp-json\/wp\/v2\/comments?post=107958"}],"wp:featuredmedia":[{"embeddable":true,"href":"https:\/\/www.sport4club.be\/index.php\/wp-json\/wp\/v2\/media\/107959"}],"wp:attachment":[{"href":"https:\/\/www.sport4club.be\/index.php\/wp-json\/wp\/v2\/media?parent=107958"}],"wp:term":[{"taxonomy":"product_cat","embeddable":true,"href":"https:\/\/www.sport4club.be\/index.php\/wp-json\/wp\/v2\/product_cat?post=107958"},{"taxonomy":"product_tag","embeddable":true,"href":"https:\/\/www.sport4club.be\/index.php\/wp-json\/wp\/v2\/product_tag?post=107958"}],"curies":[{"name":"wp","href":"https:\/\/api.w.org\/{rel}","templated":true}]}}