{"id":107926,"date":"2021-12-19T17:59:02","date_gmt":"2021-12-19T16:59:02","guid":{"rendered":"https:\/\/www.sport4club.be\/?post_type=product&#038;p=107926"},"modified":"2022-06-01T09:49:15","modified_gmt":"2022-06-01T07:49:15","slug":"pro-kennex-kinetic-focus-pro-yellow","status":"publish","type":"product","link":"https:\/\/www.sport4club.be\/index.php\/product\/pro-kennex-kinetic-focus-pro-yellow\/","title":{"rendered":"Pro Kennex Kinetic Focus Pro Yellow"},"content":{"rendered":"<p><em>La raquette Pro Kennex Ki Focus Pro s&#8217;adresse aux joueurs de padel d&#8217;un niveau interm\u00e9diaire \u00e0 avanc\u00e9, souhaitant allier puissance, prise d&#8217;effet et confort.<\/em><\/p>\n<p><em>En effet, elle pr\u00e9sente une forme en diamant qui procure un maximum de vitesse en sortie de balle.<\/em><\/p>\n<p><em>La surface rugueuse offre une accroche suppl\u00e9mentaire pour g\u00e9n\u00e9rer facilement des effets.<\/em><\/p>\n","protected":false},"excerpt":{"rendered":"<p>La raquette Pro Kennex Ki Focus Pro s&#8217;adresse aux joueurs de padel d&#8217;un niveau interm\u00e9diaire \u00e0 avanc\u00e9, souhaitant allier puissance, prise d&#8217;effet et confort. En effet, elle pr\u00e9sente une forme en diamant qui procure un maximum de vitesse en sortie de balle. La surface rugueuse offre une accroche suppl\u00e9mentaire pour g\u00e9n\u00e9rer facilement des effets.<\/p>\n","protected":false},"featured_media":107927,"comment_status":"open","ping_status":"closed","template":"","meta":[],"product_cat":[786,84],"product_tag":[],"_links":{"self":[{"href":"https:\/\/www.sport4club.be\/index.php\/wp-json\/wp\/v2\/product\/107926"}],"collection":[{"href":"https:\/\/www.sport4club.be\/index.php\/wp-json\/wp\/v2\/product"}],"about":[{"href":"https:\/\/www.sport4club.be\/index.php\/wp-json\/wp\/v2\/types\/product"}],"replies":[{"embeddable":true,"href":"https:\/\/www.sport4club.be\/index.php\/wp-json\/wp\/v2\/comments?post=107926"}],"wp:featuredmedia":[{"embeddable":true,"href":"https:\/\/www.sport4club.be\/index.php\/wp-json\/wp\/v2\/media\/107927"}],"wp:attachment":[{"href":"https:\/\/www.sport4club.be\/index.php\/wp-json\/wp\/v2\/media?parent=107926"}],"wp:term":[{"taxonomy":"product_cat","embeddable":true,"href":"https:\/\/www.sport4club.be\/index.php\/wp-json\/wp\/v2\/product_cat?post=107926"},{"taxonomy":"product_tag","embeddable":true,"href":"https:\/\/www.sport4club.be\/index.php\/wp-json\/wp\/v2\/product_tag?post=107926"}],"curies":[{"name":"wp","href":"https:\/\/api.w.org\/{rel}","templated":true}]}}