{"id":107760,"date":"2021-11-06T17:04:05","date_gmt":"2021-11-06T16:04:05","guid":{"rendered":"https:\/\/www.sport4club.be\/?post_type=product&#038;p=107760"},"modified":"2024-02-01T10:30:47","modified_gmt":"2024-02-01T09:30:47","slug":"head-prestige-mp-l-300gr","status":"publish","type":"product","link":"https:\/\/www.sport4club.be\/index.php\/product\/head-prestige-mp-l-300gr\/","title":{"rendered":"Head Prestige MP L 2023 (300gr)"},"content":{"rendered":"<p>La raquette\u00a0<strong>Head Prestige MP L 2023\u00a0<\/strong>est une option id\u00e9ale pour les joueurs de tennis de niveau interm\u00e9diaire \u00e0 confirm\u00e9 qui recherchent une combinaison parfaite de contr\u00f4le, puissance et polyvalence. Avec un poids de\u00a0<strong>300 g\u00a0<\/strong>et un \u00e9quilibre \u00e0\u00a0<strong>31.5 cm<\/strong>, elle offre une stabilit\u00e9 exceptionnelle qui vous permet de prendre le contr\u00f4le de chaque coup avec confiance.<\/p>\n<p>Son tamis de<strong>\u00a0640 cm\u00b2\u00a0<\/strong>est plus grand par rapport aux mod\u00e8les Prestige Pro et Prestige Tour, et offre une puissance accrue et une tol\u00e9rance exceptionnelle lors des frappes. Le plan de cordage en<strong>\u00a016&#215;19\u00a0<\/strong>vous procure plus de puissance tout en offrant une meilleure prise d&#8217;effet pour des rebonds explosifs, vous permettant de varier votre jeu avec facilit\u00e9.<\/p>\n<p>La raquette<strong>\u00a0Head Prestige MP L 2023<\/strong>\u00a0est con\u00e7ue pour les joueurs de tennis de niveau interm\u00e9diaire \u00e0 confirm\u00e9 recherchant une version accessible de la s\u00e9rie Prestige, offrant une facilit\u00e9 de jeu et une polyvalence exceptionnelles.<\/p>\n","protected":false},"excerpt":{"rendered":"<p>La raquette\u00a0Head Prestige MP L 2023\u00a0est une option id\u00e9ale pour les joueurs de tennis de niveau interm\u00e9diaire \u00e0 confirm\u00e9 qui recherchent une combinaison parfaite de contr\u00f4le, puissance et polyvalence. Avec un poids de\u00a0300 g\u00a0et un \u00e9quilibre \u00e0\u00a031.5 cm, elle offre une stabilit\u00e9 exceptionnelle qui vous permet de prendre le contr\u00f4le de chaque coup avec confiance. [&hellip;]<\/p>\n","protected":false},"featured_media":107761,"comment_status":"open","ping_status":"closed","template":"","meta":[],"product_cat":[145,786],"product_tag":[],"_links":{"self":[{"href":"https:\/\/www.sport4club.be\/index.php\/wp-json\/wp\/v2\/product\/107760"}],"collection":[{"href":"https:\/\/www.sport4club.be\/index.php\/wp-json\/wp\/v2\/product"}],"about":[{"href":"https:\/\/www.sport4club.be\/index.php\/wp-json\/wp\/v2\/types\/product"}],"replies":[{"embeddable":true,"href":"https:\/\/www.sport4club.be\/index.php\/wp-json\/wp\/v2\/comments?post=107760"}],"wp:featuredmedia":[{"embeddable":true,"href":"https:\/\/www.sport4club.be\/index.php\/wp-json\/wp\/v2\/media\/107761"}],"wp:attachment":[{"href":"https:\/\/www.sport4club.be\/index.php\/wp-json\/wp\/v2\/media?parent=107760"}],"wp:term":[{"taxonomy":"product_cat","embeddable":true,"href":"https:\/\/www.sport4club.be\/index.php\/wp-json\/wp\/v2\/product_cat?post=107760"},{"taxonomy":"product_tag","embeddable":true,"href":"https:\/\/www.sport4club.be\/index.php\/wp-json\/wp\/v2\/product_tag?post=107760"}],"curies":[{"name":"wp","href":"https:\/\/api.w.org\/{rel}","templated":true}]}}