{"id":107752,"date":"2021-11-06T16:55:46","date_gmt":"2021-11-06T15:55:46","guid":{"rendered":"https:\/\/www.sport4club.be\/?post_type=product&#038;p=107752"},"modified":"2024-02-01T10:27:13","modified_gmt":"2024-02-01T09:27:13","slug":"head-prestige-mp-310gr","status":"publish","type":"product","link":"https:\/\/www.sport4club.be\/index.php\/product\/head-prestige-mp-310gr\/","title":{"rendered":"Head Prestige MP 2023 (310gr)"},"content":{"rendered":"<p>La raquette\u00a0<strong>Head Prestige MP 2023<\/strong>\u00a0est une option id\u00e9ale pour les joueurs de tennis de niveau confirm\u00e9 qui recherchent un \u00e9quilibre parfait entre contr\u00f4le, puissance et polyvalence. Avec un poids de\u00a0<strong>310g<\/strong>\u00a0et un \u00e9quilibre \u00e0\u00a0<strong>32cm<\/strong>, elle offre une stabilit\u00e9 exceptionnelle pour chaque coup, vous permettant de ma\u00eetriser le jeu \u00e0 votre mani\u00e8re.<\/p>\n<p>Son tamis de\u00a0<strong>640cm\u00b2<\/strong>\u00a0est plus grand que celui des mod\u00e8les Prestige Pro et Prestige Tour, et offre une puissance accrue et une tol\u00e9rance exceptionnelle lors des frappes. Le plan de cordage en\u00a0<strong>18&#215;19\u00a0<\/strong>procure une tr\u00e8s bonne pr\u00e9cision, vous permettant de placer la balle exactement o\u00f9 vous le souhaitez \u00e0 chaque coup.<\/p>\n","protected":false},"excerpt":{"rendered":"<p>La raquette\u00a0Head Prestige MP 2023\u00a0est une option id\u00e9ale pour les joueurs de tennis de niveau confirm\u00e9 qui recherchent un \u00e9quilibre parfait entre contr\u00f4le, puissance et polyvalence. Avec un poids de\u00a0310g\u00a0et un \u00e9quilibre \u00e0\u00a032cm, elle offre une stabilit\u00e9 exceptionnelle pour chaque coup, vous permettant de ma\u00eetriser le jeu \u00e0 votre mani\u00e8re. Son tamis de\u00a0640cm\u00b2\u00a0est plus grand [&hellip;]<\/p>\n","protected":false},"featured_media":112725,"comment_status":"open","ping_status":"closed","template":"","meta":[],"product_cat":[145,786],"product_tag":[],"_links":{"self":[{"href":"https:\/\/www.sport4club.be\/index.php\/wp-json\/wp\/v2\/product\/107752"}],"collection":[{"href":"https:\/\/www.sport4club.be\/index.php\/wp-json\/wp\/v2\/product"}],"about":[{"href":"https:\/\/www.sport4club.be\/index.php\/wp-json\/wp\/v2\/types\/product"}],"replies":[{"embeddable":true,"href":"https:\/\/www.sport4club.be\/index.php\/wp-json\/wp\/v2\/comments?post=107752"}],"wp:featuredmedia":[{"embeddable":true,"href":"https:\/\/www.sport4club.be\/index.php\/wp-json\/wp\/v2\/media\/112725"}],"wp:attachment":[{"href":"https:\/\/www.sport4club.be\/index.php\/wp-json\/wp\/v2\/media?parent=107752"}],"wp:term":[{"taxonomy":"product_cat","embeddable":true,"href":"https:\/\/www.sport4club.be\/index.php\/wp-json\/wp\/v2\/product_cat?post=107752"},{"taxonomy":"product_tag","embeddable":true,"href":"https:\/\/www.sport4club.be\/index.php\/wp-json\/wp\/v2\/product_tag?post=107752"}],"curies":[{"name":"wp","href":"https:\/\/api.w.org\/{rel}","templated":true}]}}