{"id":107745,"date":"2021-11-06T16:47:41","date_gmt":"2021-11-06T15:47:41","guid":{"rendered":"https:\/\/www.sport4club.be\/?post_type=product&#038;p=107745"},"modified":"2024-02-01T10:39:04","modified_gmt":"2024-02-01T09:39:04","slug":"head-prestige-tour-315gr","status":"publish","type":"product","link":"https:\/\/www.sport4club.be\/index.php\/product\/head-prestige-tour-315gr\/","title":{"rendered":"Head Prestige Tour 2023 (315gr)"},"content":{"rendered":"<div class=\"product-info-cms\">\n<div class=\"product-info-tabs\">\n<div id=\"product-tabs\" class=\"product data items\" role=\"tablist\">\n<div id=\"tab-description\" class=\"product-attribute description-list\" role=\"tabpanel\" data-role=\"content\" aria-hidden=\"false\">\n<p>La raquette\u00a0<strong>Head Prestige Tour 2023<\/strong>\u00a0est la raquette la plus exigeante de la gamme Prestige. Avec son poids de\u00a0<strong>315g<\/strong>\u00a0et un \u00e9quilibre \u00e0\u00a0<strong>31.5cm<\/strong>, elle offre une stabilit\u00e9 impressionnante qui vous permettra de contrer vos adversaires avec puissance et pr\u00e9cision.<\/p>\n<p>Le tamis de\u00a0<strong>615 cm\u00b2\u00a0<\/strong>est le plus exigeant de la gamme, r\u00e9serv\u00e9 aux joueurs techniques et physiquement pr\u00e9par\u00e9s. Il limite l&#8217;effet trampoline et am\u00e9liore consid\u00e9rablement le contr\u00f4le de la balle. De plus, le plan de cordage en\u00a0<strong>16&#215;19<\/strong>\u00a0offre une combinaison parfaite de puissance et de prise d&#8217;effet, permettant des rebonds explosifs et une grande vari\u00e9t\u00e9 de coups.<\/p>\n<p>La Prestige Tour 2023 est sp\u00e9cialement con\u00e7ue pour les joueurs de tennis avanc\u00e9s qui recherchent la pr\u00e9cision et qui sont pr\u00eats \u00e0 relever le d\u00e9fi physique et technique.<\/p>\n<\/div>\n<h3 tabindex=\"0\" role=\"tab\" data-role=\"collapsible\" data-collapsible=\"true\" aria-controls=\"tab-features\" aria-selected=\"false\" aria-expanded=\"false\"><\/h3>\n<\/div>\n<\/div>\n<\/div>\n","protected":false},"excerpt":{"rendered":"<p>La raquette\u00a0Head Prestige Tour 2023\u00a0est la raquette la plus exigeante de la gamme Prestige. Avec son poids de\u00a0315g\u00a0et un \u00e9quilibre \u00e0\u00a031.5cm, elle offre une stabilit\u00e9 impressionnante qui vous permettra de contrer vos adversaires avec puissance et pr\u00e9cision. Le tamis de\u00a0615 cm\u00b2\u00a0est le plus exigeant de la gamme, r\u00e9serv\u00e9 aux joueurs techniques et physiquement pr\u00e9par\u00e9s. Il [&hellip;]<\/p>\n","protected":false},"featured_media":112730,"comment_status":"open","ping_status":"closed","template":"","meta":[],"product_cat":[145,786],"product_tag":[],"_links":{"self":[{"href":"https:\/\/www.sport4club.be\/index.php\/wp-json\/wp\/v2\/product\/107745"}],"collection":[{"href":"https:\/\/www.sport4club.be\/index.php\/wp-json\/wp\/v2\/product"}],"about":[{"href":"https:\/\/www.sport4club.be\/index.php\/wp-json\/wp\/v2\/types\/product"}],"replies":[{"embeddable":true,"href":"https:\/\/www.sport4club.be\/index.php\/wp-json\/wp\/v2\/comments?post=107745"}],"wp:featuredmedia":[{"embeddable":true,"href":"https:\/\/www.sport4club.be\/index.php\/wp-json\/wp\/v2\/media\/112730"}],"wp:attachment":[{"href":"https:\/\/www.sport4club.be\/index.php\/wp-json\/wp\/v2\/media?parent=107745"}],"wp:term":[{"taxonomy":"product_cat","embeddable":true,"href":"https:\/\/www.sport4club.be\/index.php\/wp-json\/wp\/v2\/product_cat?post=107745"},{"taxonomy":"product_tag","embeddable":true,"href":"https:\/\/www.sport4club.be\/index.php\/wp-json\/wp\/v2\/product_tag?post=107745"}],"curies":[{"name":"wp","href":"https:\/\/api.w.org\/{rel}","templated":true}]}}