{"id":107731,"date":"2021-11-06T15:16:35","date_gmt":"2021-11-06T14:16:35","guid":{"rendered":"https:\/\/www.sport4club.be\/?post_type=product&#038;p=107731"},"modified":"2025-05-23T16:09:41","modified_gmt":"2025-05-23T14:09:41","slug":"tecnifibre-wall-breaker-365","status":"publish","type":"product","link":"https:\/\/www.sport4club.be\/index.php\/product\/tecnifibre-wall-breaker-365\/","title":{"rendered":"Tecnifibre Wall Breaker 365"},"content":{"rendered":"<p><em>La raquette\u00a0Tecnifibre Wall Breaker\u00a0en version 365g est con\u00e7ue pour les joueurs de padel d&#8217;un niveau interm\u00e9diaire \u00e0 la recherche de puissance, de maniabilit\u00e9 et de tol\u00e9rance ! Pratiquez un jeu offensif n&#8217;a jamais \u00e9t\u00e9 aussi facile !<\/em><\/p>\n<p><em>La Wall Breaker pr\u00e9sente une forme en\u00a0diamant\u00a0pour une sortie de balle rapide. Cette puissance est amplifi\u00e9e par le pont\u00a0D-Bridge\u00a0qui accentue la rigidit\u00e9 du cadre.<\/em><\/p>\n<p><em>Cette raquette pour attaquants dispose \u00e9galement d&#8217;une surface rugueuse\u00a0Spin Skin 3D\u00a0qui vous permettra d&#8217;imprimer un maximum d&#8217;effet \u00e0 la balle.<\/em><\/p>\n<p><em>Si son poids de 365g procure naturellement une bonne stabilit\u00e9, celle-ci est encore am\u00e9lior\u00e9e gr\u00e2ce \u00e0 la technologie\u00a0Muscle Shaft. Il s&#8217;agit de bandes de renfort sur la tranche de la raquette qui favorise la tenue de celle-ci \u00e0 l&#8217;impact pour plus de pr\u00e9cision.<\/em><\/p>\n<p><em>Enfin, la technologie PHD (pour\u00a0Progressive Holes Diameter) offre \u00e0 la Wall Breaker 365 une meilleure tol\u00e9rance en augmentant le zone de frappe id\u00e9ale.<\/em><\/p>\n","protected":false},"excerpt":{"rendered":"<p>La raquette\u00a0Tecnifibre Wall Breaker\u00a0en version 365g est con\u00e7ue pour les joueurs de padel d&#8217;un niveau interm\u00e9diaire \u00e0 la recherche de puissance, de maniabilit\u00e9 et de tol\u00e9rance ! Pratiquez un jeu offensif n&#8217;a jamais \u00e9t\u00e9 aussi facile ! La Wall Breaker pr\u00e9sente une forme en\u00a0diamant\u00a0pour une sortie de balle rapide. Cette puissance est amplifi\u00e9e par le [&hellip;]<\/p>\n","protected":false},"featured_media":107732,"comment_status":"open","ping_status":"closed","template":"","meta":[],"product_cat":[786,84],"product_tag":[],"_links":{"self":[{"href":"https:\/\/www.sport4club.be\/index.php\/wp-json\/wp\/v2\/product\/107731"}],"collection":[{"href":"https:\/\/www.sport4club.be\/index.php\/wp-json\/wp\/v2\/product"}],"about":[{"href":"https:\/\/www.sport4club.be\/index.php\/wp-json\/wp\/v2\/types\/product"}],"replies":[{"embeddable":true,"href":"https:\/\/www.sport4club.be\/index.php\/wp-json\/wp\/v2\/comments?post=107731"}],"wp:featuredmedia":[{"embeddable":true,"href":"https:\/\/www.sport4club.be\/index.php\/wp-json\/wp\/v2\/media\/107732"}],"wp:attachment":[{"href":"https:\/\/www.sport4club.be\/index.php\/wp-json\/wp\/v2\/media?parent=107731"}],"wp:term":[{"taxonomy":"product_cat","embeddable":true,"href":"https:\/\/www.sport4club.be\/index.php\/wp-json\/wp\/v2\/product_cat?post=107731"},{"taxonomy":"product_tag","embeddable":true,"href":"https:\/\/www.sport4club.be\/index.php\/wp-json\/wp\/v2\/product_tag?post=107731"}],"curies":[{"name":"wp","href":"https:\/\/api.w.org\/{rel}","templated":true}]}}