{"id":107679,"date":"2021-10-26T09:32:48","date_gmt":"2021-10-26T07:32:48","guid":{"rendered":"https:\/\/www.sport4club.be\/?post_type=product&#038;p=107679"},"modified":"2024-08-16T07:48:15","modified_gmt":"2024-08-16T05:48:15","slug":"nox-belt-bag-30-balles","status":"publish","type":"product","link":"https:\/\/www.sport4club.be\/index.php\/product\/nox-belt-bag-30-balles\/","title":{"rendered":"Nox Belt Bag (30 balles)"},"content":{"rendered":"<p><em>Sac banane Nox pour les balles de Padel.<\/em><\/p>\n<div><em>Livr\u00e9 avec une sangle r\u00e9glable pour un confort maximal.<\/em><\/div>\n<div><em>Id\u00e9al pour les entra\u00eenements.<\/em><\/div>\n<div><em>En couleur rouge et noir.<\/em><\/div>\n<div><em><strong>Capacit\u00e9:<\/strong>\u00a030 balles<\/em><\/div>\n","protected":false},"excerpt":{"rendered":"<p>Sac banane Nox pour les balles de Padel. Livr\u00e9 avec une sangle r\u00e9glable pour un confort maximal. Id\u00e9al pour les entra\u00eenements. En couleur rouge et noir. Capacit\u00e9:\u00a030 balles<\/p>\n","protected":false},"featured_media":107680,"comment_status":"open","ping_status":"closed","template":"","meta":[],"product_cat":[15],"product_tag":[],"_links":{"self":[{"href":"https:\/\/www.sport4club.be\/index.php\/wp-json\/wp\/v2\/product\/107679"}],"collection":[{"href":"https:\/\/www.sport4club.be\/index.php\/wp-json\/wp\/v2\/product"}],"about":[{"href":"https:\/\/www.sport4club.be\/index.php\/wp-json\/wp\/v2\/types\/product"}],"replies":[{"embeddable":true,"href":"https:\/\/www.sport4club.be\/index.php\/wp-json\/wp\/v2\/comments?post=107679"}],"wp:featuredmedia":[{"embeddable":true,"href":"https:\/\/www.sport4club.be\/index.php\/wp-json\/wp\/v2\/media\/107680"}],"wp:attachment":[{"href":"https:\/\/www.sport4club.be\/index.php\/wp-json\/wp\/v2\/media?parent=107679"}],"wp:term":[{"taxonomy":"product_cat","embeddable":true,"href":"https:\/\/www.sport4club.be\/index.php\/wp-json\/wp\/v2\/product_cat?post=107679"},{"taxonomy":"product_tag","embeddable":true,"href":"https:\/\/www.sport4club.be\/index.php\/wp-json\/wp\/v2\/product_tag?post=107679"}],"curies":[{"name":"wp","href":"https:\/\/api.w.org\/{rel}","templated":true}]}}