{"id":107640,"date":"2021-10-11T08:17:22","date_gmt":"2021-10-11T06:17:22","guid":{"rendered":"https:\/\/www.sport4club.be\/?post_type=product&#038;p=107640"},"modified":"2023-07-22T13:14:45","modified_gmt":"2023-07-22T11:14:45","slug":"tecnifibre-tf-x1-275-275gr","status":"publish","type":"product","link":"https:\/\/www.sport4club.be\/index.php\/product\/tecnifibre-tf-x1-275-275gr\/","title":{"rendered":"Tecnifibre TF-X1 275 (275gr)"},"content":{"rendered":"<p><em>Cette raquette Tecnifibre TF-X1 est la\u00a0plus l\u00e9g\u00e8re de sa gamme\u00a0avec un poids de 275 g. Son \u00e9quilibre \u00e0 34 cm lui permet de rester maniable. Son\u00a0tamis de 680 cm\u00b2\u00a0lui fournit une grande tol\u00e9rance qui est renforc\u00e9e par les technologies\u00a0Isoflex\u00a0et\u00a0Frame Ergonomy\u00a0qui lui permettent de conserver de la puissance m\u00eame lors de frappes d\u00e9centr\u00e9es. Le manche est quant \u00e0 lui \u00e9quip\u00e9 de la technologie\u00a0X-Damp qui permet d&#8217;absorber 36% des vibrations\u00a0caus\u00e9es \u00e0 chaque frappe afin de gagner en confort de jeu. Le plan de cordage en 16&#215;19 assurera une bonne prise d&#8217;effets tout en permettant de d\u00e9velopper plus de puissance pour contrer votre adversaire.<\/em><\/p>\n<p><em>Avec son poids l\u00e9ger et son large tamis qui pardonnera les erreurs de d\u00e9centrage, la Tecnifibre TF-X1 sera adapt\u00e9e \u00e0 des\u00a0joueurs d&#8217;un niveau d\u00e9butant \u00e0 interm\u00e9diaire\u00a0qui recherchent un mod\u00e8le de raquette qui leur apportera de la puissance et un grand confort.<\/em><\/p>\n","protected":false},"excerpt":{"rendered":"<p>Cette raquette Tecnifibre TF-X1 est la\u00a0plus l\u00e9g\u00e8re de sa gamme\u00a0avec un poids de 275 g. Son \u00e9quilibre \u00e0 34 cm lui permet de rester maniable. Son\u00a0tamis de 680 cm\u00b2\u00a0lui fournit une grande tol\u00e9rance qui est renforc\u00e9e par les technologies\u00a0Isoflex\u00a0et\u00a0Frame Ergonomy\u00a0qui lui permettent de conserver de la puissance m\u00eame lors de frappes d\u00e9centr\u00e9es. Le manche est [&hellip;]<\/p>\n","protected":false},"featured_media":107641,"comment_status":"open","ping_status":"closed","template":"","meta":[],"product_cat":[145,786],"product_tag":[],"_links":{"self":[{"href":"https:\/\/www.sport4club.be\/index.php\/wp-json\/wp\/v2\/product\/107640"}],"collection":[{"href":"https:\/\/www.sport4club.be\/index.php\/wp-json\/wp\/v2\/product"}],"about":[{"href":"https:\/\/www.sport4club.be\/index.php\/wp-json\/wp\/v2\/types\/product"}],"replies":[{"embeddable":true,"href":"https:\/\/www.sport4club.be\/index.php\/wp-json\/wp\/v2\/comments?post=107640"}],"wp:featuredmedia":[{"embeddable":true,"href":"https:\/\/www.sport4club.be\/index.php\/wp-json\/wp\/v2\/media\/107641"}],"wp:attachment":[{"href":"https:\/\/www.sport4club.be\/index.php\/wp-json\/wp\/v2\/media?parent=107640"}],"wp:term":[{"taxonomy":"product_cat","embeddable":true,"href":"https:\/\/www.sport4club.be\/index.php\/wp-json\/wp\/v2\/product_cat?post=107640"},{"taxonomy":"product_tag","embeddable":true,"href":"https:\/\/www.sport4club.be\/index.php\/wp-json\/wp\/v2\/product_tag?post=107640"}],"curies":[{"name":"wp","href":"https:\/\/api.w.org\/{rel}","templated":true}]}}