{"id":107634,"date":"2021-10-11T08:09:48","date_gmt":"2021-10-11T06:09:48","guid":{"rendered":"https:\/\/www.sport4club.be\/?post_type=product&#038;p=107634"},"modified":"2023-07-22T13:15:59","modified_gmt":"2023-07-22T11:15:59","slug":"tecnifibre-tf-x1-285-285gr","status":"publish","type":"product","link":"https:\/\/www.sport4club.be\/index.php\/product\/tecnifibre-tf-x1-285-285gr\/","title":{"rendered":"Tecnifibre TF-X1 285 (285gr)"},"content":{"rendered":"<p><em>Cette raquette Tecnifibre TF-X1 d&#8217;un poids de 285 g et d&#8217;un \u00e9quilibre \u00e0 33 cm conf\u00e8re une grande maniabilit\u00e9 tout en offrant de la puissance. Son tamis de 645 cm\u00b2 lui permet de gagner en tol\u00e9rance et son plan de cordage en 16&#215;19 de faciliter la prise d&#8217;effets. Les technologies\u00a0Isoflex\u00a0et\u00a0Frame Ergonomy\u00a0lui permettent de pardonner les erreurs de centrage et de conserver de la puissance et de la pr\u00e9cision lorsque celles-ci se produisent. Le manche est quant \u00e0 lui \u00e9quip\u00e9 de la technologie\u00a0X-Damp qui permet d&#8217;absorber 36% des vibrations\u00a0caus\u00e9es \u00e0 chaque frappe afin de gagner en confort de jeu.<\/em><\/p>\n<p><em>Cette raquette conviendra \u00e0 des\u00a0joueurs d&#8217;un niveau interm\u00e9diaire\u00a0qui d\u00e9sire qui recherchent une raquette avec un bon rapport puissance &#8211; confort.<\/em><\/p>\n","protected":false},"excerpt":{"rendered":"<p>Cette raquette Tecnifibre TF-X1 d&#8217;un poids de 285 g et d&#8217;un \u00e9quilibre \u00e0 33 cm conf\u00e8re une grande maniabilit\u00e9 tout en offrant de la puissance. Son tamis de 645 cm\u00b2 lui permet de gagner en tol\u00e9rance et son plan de cordage en 16&#215;19 de faciliter la prise d&#8217;effets. Les technologies\u00a0Isoflex\u00a0et\u00a0Frame Ergonomy\u00a0lui permettent de pardonner les [&hellip;]<\/p>\n","protected":false},"featured_media":107635,"comment_status":"open","ping_status":"closed","template":"","meta":[],"product_cat":[145,786],"product_tag":[],"_links":{"self":[{"href":"https:\/\/www.sport4club.be\/index.php\/wp-json\/wp\/v2\/product\/107634"}],"collection":[{"href":"https:\/\/www.sport4club.be\/index.php\/wp-json\/wp\/v2\/product"}],"about":[{"href":"https:\/\/www.sport4club.be\/index.php\/wp-json\/wp\/v2\/types\/product"}],"replies":[{"embeddable":true,"href":"https:\/\/www.sport4club.be\/index.php\/wp-json\/wp\/v2\/comments?post=107634"}],"wp:featuredmedia":[{"embeddable":true,"href":"https:\/\/www.sport4club.be\/index.php\/wp-json\/wp\/v2\/media\/107635"}],"wp:attachment":[{"href":"https:\/\/www.sport4club.be\/index.php\/wp-json\/wp\/v2\/media?parent=107634"}],"wp:term":[{"taxonomy":"product_cat","embeddable":true,"href":"https:\/\/www.sport4club.be\/index.php\/wp-json\/wp\/v2\/product_cat?post=107634"},{"taxonomy":"product_tag","embeddable":true,"href":"https:\/\/www.sport4club.be\/index.php\/wp-json\/wp\/v2\/product_tag?post=107634"}],"curies":[{"name":"wp","href":"https:\/\/api.w.org\/{rel}","templated":true}]}}