{"id":107507,"date":"2021-09-14T09:58:33","date_gmt":"2021-09-14T07:58:33","guid":{"rendered":"https:\/\/www.sport4club.be\/?post_type=product&#038;p=107507"},"modified":"2024-08-21T08:43:25","modified_gmt":"2024-08-21T06:43:25","slug":"babolat-court-x3balles","status":"publish","type":"product","link":"https:\/\/www.sport4club.be\/index.php\/product\/babolat-court-x3balles\/","title":{"rendered":"Babolat Court x3balles"},"content":{"rendered":"<p><em>Confortable et tr\u00e8s r\u00e9sistante, la balle Court Padel est la balle officielle du circuit APT.<\/em><\/p>\n<p><em>Homologu\u00e9e par la F\u00e9d\u00e9ration Internationale de Padel.<\/em><\/p>\n<p>&nbsp;<\/p>\n","protected":false},"excerpt":{"rendered":"<p>Confortable et tr\u00e8s r\u00e9sistante, la balle Court Padel est la balle officielle du circuit APT. Homologu\u00e9e par la F\u00e9d\u00e9ration Internationale de Padel. &nbsp;<\/p>\n","protected":false},"featured_media":107508,"comment_status":"open","ping_status":"closed","template":"","meta":[],"product_cat":[88],"product_tag":[],"_links":{"self":[{"href":"https:\/\/www.sport4club.be\/index.php\/wp-json\/wp\/v2\/product\/107507"}],"collection":[{"href":"https:\/\/www.sport4club.be\/index.php\/wp-json\/wp\/v2\/product"}],"about":[{"href":"https:\/\/www.sport4club.be\/index.php\/wp-json\/wp\/v2\/types\/product"}],"replies":[{"embeddable":true,"href":"https:\/\/www.sport4club.be\/index.php\/wp-json\/wp\/v2\/comments?post=107507"}],"wp:featuredmedia":[{"embeddable":true,"href":"https:\/\/www.sport4club.be\/index.php\/wp-json\/wp\/v2\/media\/107508"}],"wp:attachment":[{"href":"https:\/\/www.sport4club.be\/index.php\/wp-json\/wp\/v2\/media?parent=107507"}],"wp:term":[{"taxonomy":"product_cat","embeddable":true,"href":"https:\/\/www.sport4club.be\/index.php\/wp-json\/wp\/v2\/product_cat?post=107507"},{"taxonomy":"product_tag","embeddable":true,"href":"https:\/\/www.sport4club.be\/index.php\/wp-json\/wp\/v2\/product_tag?post=107507"}],"curies":[{"name":"wp","href":"https:\/\/api.w.org\/{rel}","templated":true}]}}